{"id":2161,"date":"2025-06-19T04:15:21","date_gmt":"2025-06-19T04:15:21","guid":{"rendered":"https:\/\/siagroperu.com\/?post_type=product&#038;p=2161"},"modified":"2025-06-19T04:15:21","modified_gmt":"2025-06-19T04:15:21","slug":"afalon-500-sc-x-1-lt-linuron","status":"publish","type":"product","link":"https:\/\/siagroperu.com\/?product=afalon-500-sc-x-1-lt-linuron","title":{"rendered":"\ufeffAFALON 500 SC X 1 LT (Linur\u00f3n)\ufeff"},"content":{"rendered":"<p>Herbicida selectivo sist\u00e9mico y de contacto que es absorbido principalmente por la ra\u00edz y parte por el follaje. Controla malezas gram\u00edneas anuales y perennes. Altamente selectivo en cultivos de hoja ancha.<\/p>\n","protected":false},"excerpt":{"rendered":"<p>Herbicida selectivo sist\u00e9mico y de contacto que es absorbido principalmente por la ra\u00edz y parte por el follaje. Controla malezas gram\u00edneas anuales y perennes. Altamente selectivo en cultivos de hoja ancha.<\/p>\n","protected":false},"featured_media":0,"comment_status":"open","ping_status":"closed","template":"","meta":[],"product_cat":[143,139],"product_tag":[],"borobazar_product_brands":[504],"borobazar_product_price_ranges":[29],"borobazar_product_genre":[],"class_list":{"0":"post-2161","1":"product","2":"type-product","3":"status-publish","5":"product_cat-herbicidas","6":"product_cat-plaguicidas","7":"borobazar_product_brands-adama","8":"borobazar_product_price_ranges-31-to-50","10":"first","11":"instock","12":"shipping-taxable","13":"purchasable","14":"product-type-simple"},"_links":{"self":[{"href":"https:\/\/siagroperu.com\/index.php?rest_route=\/wp\/v2\/product\/2161","targetHints":{"allow":["GET"]}}],"collection":[{"href":"https:\/\/siagroperu.com\/index.php?rest_route=\/wp\/v2\/product"}],"about":[{"href":"https:\/\/siagroperu.com\/index.php?rest_route=\/wp\/v2\/types\/product"}],"replies":[{"embeddable":true,"href":"https:\/\/siagroperu.com\/index.php?rest_route=%2Fwp%2Fv2%2Fcomments&post=2161"}],"wp:attachment":[{"href":"https:\/\/siagroperu.com\/index.php?rest_route=%2Fwp%2Fv2%2Fmedia&parent=2161"}],"wp:term":[{"taxonomy":"product_cat","embeddable":true,"href":"https:\/\/siagroperu.com\/index.php?rest_route=%2Fwp%2Fv2%2Fproduct_cat&post=2161"},{"taxonomy":"product_tag","embeddable":true,"href":"https:\/\/siagroperu.com\/index.php?rest_route=%2Fwp%2Fv2%2Fproduct_tag&post=2161"},{"taxonomy":"borobazar_product_brands","embeddable":true,"href":"https:\/\/siagroperu.com\/index.php?rest_route=%2Fwp%2Fv2%2Fborobazar_product_brands&post=2161"},{"taxonomy":"borobazar_product_price_ranges","embeddable":true,"href":"https:\/\/siagroperu.com\/index.php?rest_route=%2Fwp%2Fv2%2Fborobazar_product_price_ranges&post=2161"},{"taxonomy":"borobazar_product_genre","embeddable":true,"href":"https:\/\/siagroperu.com\/index.php?rest_route=%2Fwp%2Fv2%2Fborobazar_product_genre&post=2161"}],"curies":[{"name":"wp","href":"https:\/\/api.w.org\/{rel}","templated":true}]}}