{"id":2155,"date":"2025-06-19T04:10:19","date_gmt":"2025-06-19T04:10:19","guid":{"rendered":"https:\/\/siagroperu.com\/?post_type=product&#038;p=2155"},"modified":"2025-06-19T04:10:20","modified_gmt":"2025-06-19T04:10:20","slug":"blazon-x-1-lt-linuron","status":"publish","type":"product","link":"https:\/\/siagroperu.com\/?product=blazon-x-1-lt-linuron","title":{"rendered":"BLAZ\u00d3N X 1 LT (Linuron)\ufeff"},"content":{"rendered":"<p>Herbicida selectivo para el control de gram\u00edneas anuales como para malezas de hoja ancha. Es absorbido por las ra\u00edces, las semillas en germinaci\u00f3n y tambi\u00e9n por las hojas de las malezas.<\/p>\n","protected":false},"excerpt":{"rendered":"<p>Herbicida selectivo para el control de gram\u00edneas anuales como para malezas de hoja ancha. Es absorbido por las ra\u00edces, las semillas en germinaci\u00f3n y tambi\u00e9n por las hojas de las malezas.<\/p>\n","protected":false},"featured_media":2156,"comment_status":"open","ping_status":"closed","template":"","meta":[],"product_cat":[143,139],"product_tag":[],"borobazar_product_brands":[498],"borobazar_product_price_ranges":[29],"borobazar_product_genre":[],"class_list":{"0":"post-2155","1":"product","2":"type-product","3":"status-publish","4":"has-post-thumbnail","6":"product_cat-herbicidas","7":"product_cat-plaguicidas","8":"borobazar_product_brands-duwest","9":"borobazar_product_price_ranges-31-to-50","11":"first","12":"instock","13":"shipping-taxable","14":"purchasable","15":"product-type-simple"},"_links":{"self":[{"href":"https:\/\/siagroperu.com\/index.php?rest_route=\/wp\/v2\/product\/2155","targetHints":{"allow":["GET"]}}],"collection":[{"href":"https:\/\/siagroperu.com\/index.php?rest_route=\/wp\/v2\/product"}],"about":[{"href":"https:\/\/siagroperu.com\/index.php?rest_route=\/wp\/v2\/types\/product"}],"replies":[{"embeddable":true,"href":"https:\/\/siagroperu.com\/index.php?rest_route=%2Fwp%2Fv2%2Fcomments&post=2155"}],"wp:featuredmedia":[{"embeddable":true,"href":"https:\/\/siagroperu.com\/index.php?rest_route=\/wp\/v2\/media\/2156"}],"wp:attachment":[{"href":"https:\/\/siagroperu.com\/index.php?rest_route=%2Fwp%2Fv2%2Fmedia&parent=2155"}],"wp:term":[{"taxonomy":"product_cat","embeddable":true,"href":"https:\/\/siagroperu.com\/index.php?rest_route=%2Fwp%2Fv2%2Fproduct_cat&post=2155"},{"taxonomy":"product_tag","embeddable":true,"href":"https:\/\/siagroperu.com\/index.php?rest_route=%2Fwp%2Fv2%2Fproduct_tag&post=2155"},{"taxonomy":"borobazar_product_brands","embeddable":true,"href":"https:\/\/siagroperu.com\/index.php?rest_route=%2Fwp%2Fv2%2Fborobazar_product_brands&post=2155"},{"taxonomy":"borobazar_product_price_ranges","embeddable":true,"href":"https:\/\/siagroperu.com\/index.php?rest_route=%2Fwp%2Fv2%2Fborobazar_product_price_ranges&post=2155"},{"taxonomy":"borobazar_product_genre","embeddable":true,"href":"https:\/\/siagroperu.com\/index.php?rest_route=%2Fwp%2Fv2%2Fborobazar_product_genre&post=2155"}],"curies":[{"name":"wp","href":"https:\/\/api.w.org\/{rel}","templated":true}]}}