{"id":2153,"date":"2025-06-19T04:08:27","date_gmt":"2025-06-19T04:08:27","guid":{"rendered":"https:\/\/siagroperu.com\/?post_type=product&#038;p=2153"},"modified":"2025-06-19T04:08:27","modified_gmt":"2025-06-19T04:08:27","slug":"arroba-600-ec-x-1-lt-butaclor","status":"publish","type":"product","link":"https:\/\/siagroperu.com\/?product=arroba-600-ec-x-1-lt-butaclor","title":{"rendered":"ARROBA 600 EC X 1 LT (Butaclor)\ufeff"},"content":{"rendered":"<p>ARROBA\u00ae 600 EC es un herbicida pre-emergente y post emergente temprano, selectivo y sist\u00e9mico. Este herbicida controla gram\u00edneas anuales en germinaci\u00f3n, malezas de hoja ancha y otras malezas.<\/p>\n","protected":false},"excerpt":{"rendered":"<p>ARROBA\u00ae 600 EC es un herbicida pre-emergente y post emergente temprano, selectivo y sist\u00e9mico. Este herbicida controla gram\u00edneas anuales en germinaci\u00f3n, malezas de hoja ancha y otras malezas.<\/p>\n","protected":false},"featured_media":2154,"comment_status":"open","ping_status":"closed","template":"","meta":[],"product_cat":[143,139],"product_tag":[],"borobazar_product_brands":[499],"borobazar_product_price_ranges":[29],"borobazar_product_genre":[],"class_list":{"0":"post-2153","1":"product","2":"type-product","3":"status-publish","4":"has-post-thumbnail","6":"product_cat-herbicidas","7":"product_cat-plaguicidas","8":"borobazar_product_brands-silvestre","9":"borobazar_product_price_ranges-31-to-50","11":"first","12":"instock","13":"shipping-taxable","14":"purchasable","15":"product-type-simple"},"_links":{"self":[{"href":"https:\/\/siagroperu.com\/index.php?rest_route=\/wp\/v2\/product\/2153","targetHints":{"allow":["GET"]}}],"collection":[{"href":"https:\/\/siagroperu.com\/index.php?rest_route=\/wp\/v2\/product"}],"about":[{"href":"https:\/\/siagroperu.com\/index.php?rest_route=\/wp\/v2\/types\/product"}],"replies":[{"embeddable":true,"href":"https:\/\/siagroperu.com\/index.php?rest_route=%2Fwp%2Fv2%2Fcomments&post=2153"}],"wp:featuredmedia":[{"embeddable":true,"href":"https:\/\/siagroperu.com\/index.php?rest_route=\/wp\/v2\/media\/2154"}],"wp:attachment":[{"href":"https:\/\/siagroperu.com\/index.php?rest_route=%2Fwp%2Fv2%2Fmedia&parent=2153"}],"wp:term":[{"taxonomy":"product_cat","embeddable":true,"href":"https:\/\/siagroperu.com\/index.php?rest_route=%2Fwp%2Fv2%2Fproduct_cat&post=2153"},{"taxonomy":"product_tag","embeddable":true,"href":"https:\/\/siagroperu.com\/index.php?rest_route=%2Fwp%2Fv2%2Fproduct_tag&post=2153"},{"taxonomy":"borobazar_product_brands","embeddable":true,"href":"https:\/\/siagroperu.com\/index.php?rest_route=%2Fwp%2Fv2%2Fborobazar_product_brands&post=2153"},{"taxonomy":"borobazar_product_price_ranges","embeddable":true,"href":"https:\/\/siagroperu.com\/index.php?rest_route=%2Fwp%2Fv2%2Fborobazar_product_price_ranges&post=2153"},{"taxonomy":"borobazar_product_genre","embeddable":true,"href":"https:\/\/siagroperu.com\/index.php?rest_route=%2Fwp%2Fv2%2Fborobazar_product_genre&post=2153"}],"curies":[{"name":"wp","href":"https:\/\/api.w.org\/{rel}","templated":true}]}}