{"id":2146,"date":"2025-06-19T04:00:25","date_gmt":"2025-06-19T04:00:25","guid":{"rendered":"https:\/\/siagroperu.com\/?post_type=product&#038;p=2146"},"modified":"2025-06-19T04:00:25","modified_gmt":"2025-06-19T04:00:25","slug":"impala-50-ce-x-200-ml-imazalil","status":"publish","type":"product","link":"https:\/\/siagroperu.com\/?product=impala-50-ce-x-200-ml-imazalil","title":{"rendered":"IMPALA 50 CE X 200 ML (Imazalil)"},"content":{"rendered":"<p>IMPALA\u00ae es de acci\u00f3n sist\u00e9mica acopetada, tiene acci\u00f3n curativa y preventiva. El producto penetra r\u00e1pidamente dentro de la planta permitiendo un control efectivo de los hongos<\/p>\n","protected":false},"excerpt":{"rendered":"<p>IMPALA\u00ae es de acci\u00f3n sist\u00e9mica acopetada, tiene acci\u00f3n curativa y preventiva. El producto penetra r\u00e1pidamente dentro de la planta permitiendo un control efectivo de los hongos<\/p>\n","protected":false},"featured_media":2147,"comment_status":"open","ping_status":"closed","template":"","meta":[],"product_cat":[141,139],"product_tag":[],"borobazar_product_brands":[502],"borobazar_product_price_ranges":[29],"borobazar_product_genre":[],"class_list":{"0":"post-2146","1":"product","2":"type-product","3":"status-publish","4":"has-post-thumbnail","6":"product_cat-fungicidas","7":"product_cat-plaguicidas","8":"borobazar_product_brands-point","9":"borobazar_product_price_ranges-31-to-50","11":"first","12":"instock","13":"shipping-taxable","14":"purchasable","15":"product-type-simple"},"_links":{"self":[{"href":"https:\/\/siagroperu.com\/index.php?rest_route=\/wp\/v2\/product\/2146","targetHints":{"allow":["GET"]}}],"collection":[{"href":"https:\/\/siagroperu.com\/index.php?rest_route=\/wp\/v2\/product"}],"about":[{"href":"https:\/\/siagroperu.com\/index.php?rest_route=\/wp\/v2\/types\/product"}],"replies":[{"embeddable":true,"href":"https:\/\/siagroperu.com\/index.php?rest_route=%2Fwp%2Fv2%2Fcomments&post=2146"}],"wp:featuredmedia":[{"embeddable":true,"href":"https:\/\/siagroperu.com\/index.php?rest_route=\/wp\/v2\/media\/2147"}],"wp:attachment":[{"href":"https:\/\/siagroperu.com\/index.php?rest_route=%2Fwp%2Fv2%2Fmedia&parent=2146"}],"wp:term":[{"taxonomy":"product_cat","embeddable":true,"href":"https:\/\/siagroperu.com\/index.php?rest_route=%2Fwp%2Fv2%2Fproduct_cat&post=2146"},{"taxonomy":"product_tag","embeddable":true,"href":"https:\/\/siagroperu.com\/index.php?rest_route=%2Fwp%2Fv2%2Fproduct_tag&post=2146"},{"taxonomy":"borobazar_product_brands","embeddable":true,"href":"https:\/\/siagroperu.com\/index.php?rest_route=%2Fwp%2Fv2%2Fborobazar_product_brands&post=2146"},{"taxonomy":"borobazar_product_price_ranges","embeddable":true,"href":"https:\/\/siagroperu.com\/index.php?rest_route=%2Fwp%2Fv2%2Fborobazar_product_price_ranges&post=2146"},{"taxonomy":"borobazar_product_genre","embeddable":true,"href":"https:\/\/siagroperu.com\/index.php?rest_route=%2Fwp%2Fv2%2Fborobazar_product_genre&post=2146"}],"curies":[{"name":"wp","href":"https:\/\/api.w.org\/{rel}","templated":true}]}}