{"id":2142,"date":"2025-06-19T03:55:29","date_gmt":"2025-06-19T03:55:29","guid":{"rendered":"https:\/\/siagroperu.com\/?post_type=product&#038;p=2142"},"modified":"2025-06-19T03:55:29","modified_gmt":"2025-06-19T03:55:29","slug":"capture-72-wp-x-1-kg-cimoxanilmancozeb","status":"publish","type":"product","link":"https:\/\/siagroperu.com\/?product=capture-72-wp-x-1-kg-cimoxanilmancozeb","title":{"rendered":"CAPTURE 72 WP X 1 KG (Cimoxanil+Mancozeb)"},"content":{"rendered":"<p>Es un fungicida resultante de la mezcla de dos ingredientes activos, mancozeb y cymoxanil. Por la naturaleza de la mezcla, este fungicida act\u00faa de forma preventiva y curativa. Mancozeb act\u00faa por contacto, alterando el metabolismo celular en diversos sitios de acci\u00f3n.<\/p>\n","protected":false},"excerpt":{"rendered":"<p>Es un fungicida resultante de la mezcla de dos ingredientes activos, mancozeb y cymoxanil. Por la naturaleza de la mezcla, este fungicida act\u00faa de forma preventiva y curativa. Mancozeb act\u00faa por contacto, alterando el metabolismo celular en diversos sitios de acci\u00f3n.<\/p>\n","protected":false},"featured_media":2143,"comment_status":"open","ping_status":"closed","template":"","meta":[],"product_cat":[141,139],"product_tag":[],"borobazar_product_brands":[494],"borobazar_product_price_ranges":[27],"borobazar_product_genre":[],"class_list":{"0":"post-2142","1":"product","2":"type-product","3":"status-publish","4":"has-post-thumbnail","6":"product_cat-fungicidas","7":"product_cat-plaguicidas","8":"borobazar_product_brands-neoagrum","9":"borobazar_product_price_ranges-11-to-20","11":"first","12":"instock","13":"shipping-taxable","14":"purchasable","15":"product-type-simple"},"_links":{"self":[{"href":"https:\/\/siagroperu.com\/index.php?rest_route=\/wp\/v2\/product\/2142","targetHints":{"allow":["GET"]}}],"collection":[{"href":"https:\/\/siagroperu.com\/index.php?rest_route=\/wp\/v2\/product"}],"about":[{"href":"https:\/\/siagroperu.com\/index.php?rest_route=\/wp\/v2\/types\/product"}],"replies":[{"embeddable":true,"href":"https:\/\/siagroperu.com\/index.php?rest_route=%2Fwp%2Fv2%2Fcomments&post=2142"}],"wp:featuredmedia":[{"embeddable":true,"href":"https:\/\/siagroperu.com\/index.php?rest_route=\/wp\/v2\/media\/2143"}],"wp:attachment":[{"href":"https:\/\/siagroperu.com\/index.php?rest_route=%2Fwp%2Fv2%2Fmedia&parent=2142"}],"wp:term":[{"taxonomy":"product_cat","embeddable":true,"href":"https:\/\/siagroperu.com\/index.php?rest_route=%2Fwp%2Fv2%2Fproduct_cat&post=2142"},{"taxonomy":"product_tag","embeddable":true,"href":"https:\/\/siagroperu.com\/index.php?rest_route=%2Fwp%2Fv2%2Fproduct_tag&post=2142"},{"taxonomy":"borobazar_product_brands","embeddable":true,"href":"https:\/\/siagroperu.com\/index.php?rest_route=%2Fwp%2Fv2%2Fborobazar_product_brands&post=2142"},{"taxonomy":"borobazar_product_price_ranges","embeddable":true,"href":"https:\/\/siagroperu.com\/index.php?rest_route=%2Fwp%2Fv2%2Fborobazar_product_price_ranges&post=2142"},{"taxonomy":"borobazar_product_genre","embeddable":true,"href":"https:\/\/siagroperu.com\/index.php?rest_route=%2Fwp%2Fv2%2Fborobazar_product_genre&post=2142"}],"curies":[{"name":"wp","href":"https:\/\/api.w.org\/{rel}","templated":true}]}}