{"id":2140,"date":"2025-06-19T03:52:53","date_gmt":"2025-06-19T03:52:53","guid":{"rendered":"https:\/\/siagroperu.com\/?post_type=product&#038;p=2140"},"modified":"2025-06-19T03:52:53","modified_gmt":"2025-06-19T03:52:53","slug":"attack-x-1-kg-cymoxanil-mancozeb","status":"publish","type":"product","link":"https:\/\/siagroperu.com\/?product=attack-x-1-kg-cymoxanil-mancozeb","title":{"rendered":"ATTACK X 1 KG (Cymoxanil + Mancozeb)"},"content":{"rendered":"<p>Attack es un fungicida que combina la actividad sist\u00e9mica y efecto curativo y preventivo del cymoxanil, y la acci\u00f3n de contacto y efecto protector del mancozeb. Es ideal para infestaciones altas por su r\u00e1pido efecto de control ya que el producto se transloca dentro del tejido de la planta.<\/p>\n","protected":false},"excerpt":{"rendered":"<p>Attack es un fungicida que combina la actividad sist\u00e9mica y efecto curativo y preventivo del cymoxanil, y la acci\u00f3n de contacto y efecto protector del mancozeb. Es ideal para infestaciones altas por su r\u00e1pido efecto de control ya que el producto se transloca dentro del tejido de la planta.<\/p>\n","protected":false},"featured_media":2141,"comment_status":"open","ping_status":"closed","template":"","meta":[],"product_cat":[141,139],"product_tag":[],"borobazar_product_brands":[500],"borobazar_product_price_ranges":[29],"borobazar_product_genre":[],"class_list":{"0":"post-2140","1":"product","2":"type-product","3":"status-publish","4":"has-post-thumbnail","6":"product_cat-fungicidas","7":"product_cat-plaguicidas","8":"borobazar_product_brands-serfi","9":"borobazar_product_price_ranges-31-to-50","11":"first","12":"instock","13":"shipping-taxable","14":"purchasable","15":"product-type-simple"},"_links":{"self":[{"href":"https:\/\/siagroperu.com\/index.php?rest_route=\/wp\/v2\/product\/2140","targetHints":{"allow":["GET"]}}],"collection":[{"href":"https:\/\/siagroperu.com\/index.php?rest_route=\/wp\/v2\/product"}],"about":[{"href":"https:\/\/siagroperu.com\/index.php?rest_route=\/wp\/v2\/types\/product"}],"replies":[{"embeddable":true,"href":"https:\/\/siagroperu.com\/index.php?rest_route=%2Fwp%2Fv2%2Fcomments&post=2140"}],"wp:featuredmedia":[{"embeddable":true,"href":"https:\/\/siagroperu.com\/index.php?rest_route=\/wp\/v2\/media\/2141"}],"wp:attachment":[{"href":"https:\/\/siagroperu.com\/index.php?rest_route=%2Fwp%2Fv2%2Fmedia&parent=2140"}],"wp:term":[{"taxonomy":"product_cat","embeddable":true,"href":"https:\/\/siagroperu.com\/index.php?rest_route=%2Fwp%2Fv2%2Fproduct_cat&post=2140"},{"taxonomy":"product_tag","embeddable":true,"href":"https:\/\/siagroperu.com\/index.php?rest_route=%2Fwp%2Fv2%2Fproduct_tag&post=2140"},{"taxonomy":"borobazar_product_brands","embeddable":true,"href":"https:\/\/siagroperu.com\/index.php?rest_route=%2Fwp%2Fv2%2Fborobazar_product_brands&post=2140"},{"taxonomy":"borobazar_product_price_ranges","embeddable":true,"href":"https:\/\/siagroperu.com\/index.php?rest_route=%2Fwp%2Fv2%2Fborobazar_product_price_ranges&post=2140"},{"taxonomy":"borobazar_product_genre","embeddable":true,"href":"https:\/\/siagroperu.com\/index.php?rest_route=%2Fwp%2Fv2%2Fborobazar_product_genre&post=2140"}],"curies":[{"name":"wp","href":"https:\/\/api.w.org\/{rel}","templated":true}]}}