{"id":2131,"date":"2025-06-19T03:25:58","date_gmt":"2025-06-19T03:25:58","guid":{"rendered":"https:\/\/siagroperu.com\/?post_type=product&#038;p=2131"},"modified":"2025-06-19T03:25:59","modified_gmt":"2025-06-19T03:25:59","slug":"ultrapegasol-x-1-lt-coadyuvante","status":"publish","type":"product","link":"https:\/\/siagroperu.com\/?product=ultrapegasol-x-1-lt-coadyuvante","title":{"rendered":"ULTRAPEGASOL X 1 LT (Coadyuvante)"},"content":{"rendered":"<p>Ultra Pegasol es un coadyuvante con propiedades adherentes, dispersantes y humectantes, elimina la formaci\u00f3n de gotas grandes debido a la rotura de la tensi\u00f3n superficial de las gotas de pulverizaci\u00f3n. Asegurando cobertura total de la superficie tratada.<\/p>\n","protected":false},"excerpt":{"rendered":"<p>Ultra Pegasol es un coadyuvante con propiedades adherentes, dispersantes y humectantes, elimina la formaci\u00f3n de gotas grandes debido a la rotura de la tensi\u00f3n superficial de las gotas de pulverizaci\u00f3n. Asegurando cobertura total de la superficie tratada.<\/p>\n","protected":false},"featured_media":0,"comment_status":"open","ping_status":"closed","template":"","meta":[],"product_cat":[165],"product_tag":[],"borobazar_product_brands":[496],"borobazar_product_price_ranges":[27],"borobazar_product_genre":[],"class_list":{"0":"post-2131","1":"product","2":"type-product","3":"status-publish","5":"product_cat-bioestimulantes","6":"borobazar_product_brands-farmagro","7":"borobazar_product_price_ranges-11-to-20","9":"first","10":"instock","11":"shipping-taxable","12":"purchasable","13":"product-type-simple"},"_links":{"self":[{"href":"https:\/\/siagroperu.com\/index.php?rest_route=\/wp\/v2\/product\/2131","targetHints":{"allow":["GET"]}}],"collection":[{"href":"https:\/\/siagroperu.com\/index.php?rest_route=\/wp\/v2\/product"}],"about":[{"href":"https:\/\/siagroperu.com\/index.php?rest_route=\/wp\/v2\/types\/product"}],"replies":[{"embeddable":true,"href":"https:\/\/siagroperu.com\/index.php?rest_route=%2Fwp%2Fv2%2Fcomments&post=2131"}],"wp:attachment":[{"href":"https:\/\/siagroperu.com\/index.php?rest_route=%2Fwp%2Fv2%2Fmedia&parent=2131"}],"wp:term":[{"taxonomy":"product_cat","embeddable":true,"href":"https:\/\/siagroperu.com\/index.php?rest_route=%2Fwp%2Fv2%2Fproduct_cat&post=2131"},{"taxonomy":"product_tag","embeddable":true,"href":"https:\/\/siagroperu.com\/index.php?rest_route=%2Fwp%2Fv2%2Fproduct_tag&post=2131"},{"taxonomy":"borobazar_product_brands","embeddable":true,"href":"https:\/\/siagroperu.com\/index.php?rest_route=%2Fwp%2Fv2%2Fborobazar_product_brands&post=2131"},{"taxonomy":"borobazar_product_price_ranges","embeddable":true,"href":"https:\/\/siagroperu.com\/index.php?rest_route=%2Fwp%2Fv2%2Fborobazar_product_price_ranges&post=2131"},{"taxonomy":"borobazar_product_genre","embeddable":true,"href":"https:\/\/siagroperu.com\/index.php?rest_route=%2Fwp%2Fv2%2Fborobazar_product_genre&post=2131"}],"curies":[{"name":"wp","href":"https:\/\/api.w.org\/{rel}","templated":true}]}}