{"id":2128,"date":"2025-06-19T03:22:29","date_gmt":"2025-06-19T03:22:29","guid":{"rendered":"https:\/\/siagroperu.com\/?post_type=product&#038;p=2128"},"modified":"2025-06-19T03:22:29","modified_gmt":"2025-06-19T03:22:29","slug":"silwet-ag-x-1-lt-coadyuvante-siliconado","status":"publish","type":"product","link":"https:\/\/siagroperu.com\/?product=silwet-ag-x-1-lt-coadyuvante-siliconado","title":{"rendered":"SILWET AG X 1 LT (Coadyuvante Siliconado)"},"content":{"rendered":"<p>Surfactante con excelente cobertura, el \u00e1ngulo de contacto de las soluciones de aspersi\u00f3n en las superficies de las hojas es reducido, conllevando a un aumento de la cobertura de aspersi\u00f3n.<\/p>\n","protected":false},"excerpt":{"rendered":"<p>Surfactante con excelente cobertura, el \u00e1ngulo de contacto de las soluciones de aspersi\u00f3n en las superficies de las hojas es reducido, conllevando a un aumento de la cobertura de aspersi\u00f3n.<\/p>\n","protected":false},"featured_media":0,"comment_status":"open","ping_status":"closed","template":"","meta":[],"product_cat":[165],"product_tag":[],"borobazar_product_brands":[493],"borobazar_product_price_ranges":[29],"borobazar_product_genre":[],"class_list":{"0":"post-2128","1":"product","2":"type-product","3":"status-publish","5":"product_cat-bioestimulantes","6":"borobazar_product_brands-farmex","7":"borobazar_product_price_ranges-31-to-50","9":"first","10":"instock","11":"shipping-taxable","12":"purchasable","13":"product-type-simple"},"_links":{"self":[{"href":"https:\/\/siagroperu.com\/index.php?rest_route=\/wp\/v2\/product\/2128","targetHints":{"allow":["GET"]}}],"collection":[{"href":"https:\/\/siagroperu.com\/index.php?rest_route=\/wp\/v2\/product"}],"about":[{"href":"https:\/\/siagroperu.com\/index.php?rest_route=\/wp\/v2\/types\/product"}],"replies":[{"embeddable":true,"href":"https:\/\/siagroperu.com\/index.php?rest_route=%2Fwp%2Fv2%2Fcomments&post=2128"}],"wp:attachment":[{"href":"https:\/\/siagroperu.com\/index.php?rest_route=%2Fwp%2Fv2%2Fmedia&parent=2128"}],"wp:term":[{"taxonomy":"product_cat","embeddable":true,"href":"https:\/\/siagroperu.com\/index.php?rest_route=%2Fwp%2Fv2%2Fproduct_cat&post=2128"},{"taxonomy":"product_tag","embeddable":true,"href":"https:\/\/siagroperu.com\/index.php?rest_route=%2Fwp%2Fv2%2Fproduct_tag&post=2128"},{"taxonomy":"borobazar_product_brands","embeddable":true,"href":"https:\/\/siagroperu.com\/index.php?rest_route=%2Fwp%2Fv2%2Fborobazar_product_brands&post=2128"},{"taxonomy":"borobazar_product_price_ranges","embeddable":true,"href":"https:\/\/siagroperu.com\/index.php?rest_route=%2Fwp%2Fv2%2Fborobazar_product_price_ranges&post=2128"},{"taxonomy":"borobazar_product_genre","embeddable":true,"href":"https:\/\/siagroperu.com\/index.php?rest_route=%2Fwp%2Fv2%2Fborobazar_product_genre&post=2128"}],"curies":[{"name":"wp","href":"https:\/\/api.w.org\/{rel}","templated":true}]}}