{"id":2126,"date":"2025-06-19T03:18:15","date_gmt":"2025-06-19T03:18:15","guid":{"rendered":"https:\/\/siagroperu.com\/?post_type=product&#038;p=2126"},"modified":"2025-06-19T03:18:16","modified_gmt":"2025-06-19T03:18:16","slug":"agrostemin-grow-x-1-lt-protocitoquinina-organica-glycosilicada","status":"publish","type":"product","link":"https:\/\/siagroperu.com\/?product=agrostemin-grow-x-1-lt-protocitoquinina-organica-glycosilicada","title":{"rendered":"AGROSTEMIN GROW X 1 LT (Protocitoquinina Organica Glycosilicada)"},"content":{"rendered":"<p>Stimplex G es un extracto 100% natural de algas frescas Ascophyllum nodosum que no contienen aditivos artificiales. Stimplex G contiene citoquininas naturales encapsuladas en prote\u00ednas espec\u00edficas que al ingresar dentro de la planta es liberado por su sistema de regulaci\u00f3n natural<\/p>\n","protected":false},"excerpt":{"rendered":"<p>Stimplex G es un extracto 100% natural de algas frescas Ascophyllum nodosum que no contienen aditivos artificiales. Stimplex G contiene citoquininas naturales encapsuladas en prote\u00ednas espec\u00edficas que al ingresar dentro de la planta es liberado por su sistema de regulaci\u00f3n natural<\/p>\n","protected":false},"featured_media":2127,"comment_status":"open","ping_status":"closed","template":"","meta":[],"product_cat":[165],"product_tag":[],"borobazar_product_brands":[500],"borobazar_product_price_ranges":[29],"borobazar_product_genre":[],"class_list":{"0":"post-2126","1":"product","2":"type-product","3":"status-publish","4":"has-post-thumbnail","6":"product_cat-bioestimulantes","7":"borobazar_product_brands-serfi","8":"borobazar_product_price_ranges-31-to-50","10":"first","11":"instock","12":"shipping-taxable","13":"purchasable","14":"product-type-simple"},"_links":{"self":[{"href":"https:\/\/siagroperu.com\/index.php?rest_route=\/wp\/v2\/product\/2126","targetHints":{"allow":["GET"]}}],"collection":[{"href":"https:\/\/siagroperu.com\/index.php?rest_route=\/wp\/v2\/product"}],"about":[{"href":"https:\/\/siagroperu.com\/index.php?rest_route=\/wp\/v2\/types\/product"}],"replies":[{"embeddable":true,"href":"https:\/\/siagroperu.com\/index.php?rest_route=%2Fwp%2Fv2%2Fcomments&post=2126"}],"wp:featuredmedia":[{"embeddable":true,"href":"https:\/\/siagroperu.com\/index.php?rest_route=\/wp\/v2\/media\/2127"}],"wp:attachment":[{"href":"https:\/\/siagroperu.com\/index.php?rest_route=%2Fwp%2Fv2%2Fmedia&parent=2126"}],"wp:term":[{"taxonomy":"product_cat","embeddable":true,"href":"https:\/\/siagroperu.com\/index.php?rest_route=%2Fwp%2Fv2%2Fproduct_cat&post=2126"},{"taxonomy":"product_tag","embeddable":true,"href":"https:\/\/siagroperu.com\/index.php?rest_route=%2Fwp%2Fv2%2Fproduct_tag&post=2126"},{"taxonomy":"borobazar_product_brands","embeddable":true,"href":"https:\/\/siagroperu.com\/index.php?rest_route=%2Fwp%2Fv2%2Fborobazar_product_brands&post=2126"},{"taxonomy":"borobazar_product_price_ranges","embeddable":true,"href":"https:\/\/siagroperu.com\/index.php?rest_route=%2Fwp%2Fv2%2Fborobazar_product_price_ranges&post=2126"},{"taxonomy":"borobazar_product_genre","embeddable":true,"href":"https:\/\/siagroperu.com\/index.php?rest_route=%2Fwp%2Fv2%2Fborobazar_product_genre&post=2126"}],"curies":[{"name":"wp","href":"https:\/\/api.w.org\/{rel}","templated":true}]}}