{"id":2123,"date":"2025-06-19T03:13:54","date_gmt":"2025-06-19T03:13:54","guid":{"rendered":"https:\/\/siagroperu.com\/?post_type=product&#038;p=2123"},"modified":"2025-06-19T03:13:54","modified_gmt":"2025-06-19T03:13:54","slug":"root-hor-fco-1-lt-regulador-de-crecimiento","status":"publish","type":"product","link":"https:\/\/siagroperu.com\/?product=root-hor-fco-1-lt-regulador-de-crecimiento","title":{"rendered":"ROOT-HOR FCO. 1 LT (Regulador de Crecimiento)"},"content":{"rendered":"<p>(Auxina+ \u00c1cido Indolbut\u00edrico + \u00c1cidos Nucleicos)<br \/>\nRegulador de crecimiento que mejora el desarrollo radicular desde el primer d\u00eda. Tiene accio\u0301n siste\u0301mica, puede aplicarse foliarmente en cualquier etapa de desarrollo de los cultivos.<\/p>\n","protected":false},"excerpt":{"rendered":"<p>(Auxina+ \u00c1cido Indolbut\u00edrico + \u00c1cidos Nucleicos) Regulador de crecimiento que mejora el desarrollo radicular desde el primer d\u00eda. Tiene accio\u0301n siste\u0301mica, puede aplicarse foliarmente en cualquier etapa de desarrollo de los cultivos.<\/p>\n","protected":false},"featured_media":2124,"comment_status":"open","ping_status":"closed","template":"","meta":[],"product_cat":[165],"product_tag":[],"borobazar_product_brands":[503],"borobazar_product_price_ranges":[29],"borobazar_product_genre":[],"class_list":{"0":"post-2123","1":"product","2":"type-product","3":"status-publish","4":"has-post-thumbnail","6":"product_cat-bioestimulantes","7":"borobazar_product_brands-comercial-andina","8":"borobazar_product_price_ranges-31-to-50","10":"first","11":"instock","12":"shipping-taxable","13":"purchasable","14":"product-type-simple"},"_links":{"self":[{"href":"https:\/\/siagroperu.com\/index.php?rest_route=\/wp\/v2\/product\/2123","targetHints":{"allow":["GET"]}}],"collection":[{"href":"https:\/\/siagroperu.com\/index.php?rest_route=\/wp\/v2\/product"}],"about":[{"href":"https:\/\/siagroperu.com\/index.php?rest_route=\/wp\/v2\/types\/product"}],"replies":[{"embeddable":true,"href":"https:\/\/siagroperu.com\/index.php?rest_route=%2Fwp%2Fv2%2Fcomments&post=2123"}],"wp:featuredmedia":[{"embeddable":true,"href":"https:\/\/siagroperu.com\/index.php?rest_route=\/wp\/v2\/media\/2124"}],"wp:attachment":[{"href":"https:\/\/siagroperu.com\/index.php?rest_route=%2Fwp%2Fv2%2Fmedia&parent=2123"}],"wp:term":[{"taxonomy":"product_cat","embeddable":true,"href":"https:\/\/siagroperu.com\/index.php?rest_route=%2Fwp%2Fv2%2Fproduct_cat&post=2123"},{"taxonomy":"product_tag","embeddable":true,"href":"https:\/\/siagroperu.com\/index.php?rest_route=%2Fwp%2Fv2%2Fproduct_tag&post=2123"},{"taxonomy":"borobazar_product_brands","embeddable":true,"href":"https:\/\/siagroperu.com\/index.php?rest_route=%2Fwp%2Fv2%2Fborobazar_product_brands&post=2123"},{"taxonomy":"borobazar_product_price_ranges","embeddable":true,"href":"https:\/\/siagroperu.com\/index.php?rest_route=%2Fwp%2Fv2%2Fborobazar_product_price_ranges&post=2123"},{"taxonomy":"borobazar_product_genre","embeddable":true,"href":"https:\/\/siagroperu.com\/index.php?rest_route=%2Fwp%2Fv2%2Fborobazar_product_genre&post=2123"}],"curies":[{"name":"wp","href":"https:\/\/api.w.org\/{rel}","templated":true}]}}