{"id":2121,"date":"2025-06-19T03:11:19","date_gmt":"2025-06-19T03:11:19","guid":{"rendered":"https:\/\/siagroperu.com\/?post_type=product&#038;p=2121"},"modified":"2025-06-19T03:11:19","modified_gmt":"2025-06-19T03:11:19","slug":"sustento-80-x-1-kg-aminoacidos","status":"publish","type":"product","link":"https:\/\/siagroperu.com\/?product=sustento-80-x-1-kg-aminoacidos","title":{"rendered":"SUSTENTO 80% X 1 KG (Aminoacidos)"},"content":{"rendered":"<p class=\"text-muted my-2\">SUSTENTO 80 es un bioestimulante org\u00e1nico de alt\u00edsima concentraci\u00f3n de amino\u00e1cidos procedentes de prote\u00ednas vegetales lo que asegura una amplia gama de amino\u00e1cidos esenciales disponibles para la planta. Se recomienda aplicar en situaciones de estr\u00e9s ambiental y fisiol\u00f3gico como floraci\u00f3n o macollamiento.<\/p>\n<form action=\"https:\/\/www.nutriferza.com\/shop\/cart\/update\" method=\"POST\">\n<div class=\"js_product js_main_product mb-3\">\n<div>\n<div class=\"product_price mt-2 mb-3 d-inline-block\"><\/div>\n<\/div>\n<\/div>\n<\/form>\n","protected":false},"excerpt":{"rendered":"<p>SUSTENTO 80 es un bioestimulante org\u00e1nico de alt\u00edsima concentraci\u00f3n de amino\u00e1cidos procedentes de prote\u00ednas vegetales lo que asegura una amplia gama de amino\u00e1cidos esenciales disponibles para la planta. Se recomienda aplicar en situaciones de estr\u00e9s ambiental y fisiol\u00f3gico como floraci\u00f3n o macollamiento.<\/p>\n","protected":false},"featured_media":2122,"comment_status":"open","ping_status":"closed","template":"","meta":[],"product_cat":[165],"product_tag":[],"borobazar_product_brands":[502],"borobazar_product_price_ranges":[27],"borobazar_product_genre":[],"class_list":{"0":"post-2121","1":"product","2":"type-product","3":"status-publish","4":"has-post-thumbnail","6":"product_cat-bioestimulantes","7":"borobazar_product_brands-point","8":"borobazar_product_price_ranges-11-to-20","10":"first","11":"instock","12":"shipping-taxable","13":"purchasable","14":"product-type-simple"},"_links":{"self":[{"href":"https:\/\/siagroperu.com\/index.php?rest_route=\/wp\/v2\/product\/2121","targetHints":{"allow":["GET"]}}],"collection":[{"href":"https:\/\/siagroperu.com\/index.php?rest_route=\/wp\/v2\/product"}],"about":[{"href":"https:\/\/siagroperu.com\/index.php?rest_route=\/wp\/v2\/types\/product"}],"replies":[{"embeddable":true,"href":"https:\/\/siagroperu.com\/index.php?rest_route=%2Fwp%2Fv2%2Fcomments&post=2121"}],"wp:featuredmedia":[{"embeddable":true,"href":"https:\/\/siagroperu.com\/index.php?rest_route=\/wp\/v2\/media\/2122"}],"wp:attachment":[{"href":"https:\/\/siagroperu.com\/index.php?rest_route=%2Fwp%2Fv2%2Fmedia&parent=2121"}],"wp:term":[{"taxonomy":"product_cat","embeddable":true,"href":"https:\/\/siagroperu.com\/index.php?rest_route=%2Fwp%2Fv2%2Fproduct_cat&post=2121"},{"taxonomy":"product_tag","embeddable":true,"href":"https:\/\/siagroperu.com\/index.php?rest_route=%2Fwp%2Fv2%2Fproduct_tag&post=2121"},{"taxonomy":"borobazar_product_brands","embeddable":true,"href":"https:\/\/siagroperu.com\/index.php?rest_route=%2Fwp%2Fv2%2Fborobazar_product_brands&post=2121"},{"taxonomy":"borobazar_product_price_ranges","embeddable":true,"href":"https:\/\/siagroperu.com\/index.php?rest_route=%2Fwp%2Fv2%2Fborobazar_product_price_ranges&post=2121"},{"taxonomy":"borobazar_product_genre","embeddable":true,"href":"https:\/\/siagroperu.com\/index.php?rest_route=%2Fwp%2Fv2%2Fborobazar_product_genre&post=2121"}],"curies":[{"name":"wp","href":"https:\/\/api.w.org\/{rel}","templated":true}]}}