{"id":2112,"date":"2025-06-19T03:01:11","date_gmt":"2025-06-19T03:01:11","guid":{"rendered":"https:\/\/siagroperu.com\/?post_type=product&#038;p=2112"},"modified":"2025-06-19T03:01:11","modified_gmt":"2025-06-19T03:01:11","slug":"enziprom-x-1-lt-aminoacidos","status":"publish","type":"product","link":"https:\/\/siagroperu.com\/?product=enziprom-x-1-lt-aminoacidos","title":{"rendered":"ENZIPROM X 1 LT (Aminoacidos)"},"content":{"rendered":"<p>Enziprom \u00ae es un bioactivador fisiol\u00f3gico natural que contiene AATC y \u00c1cido F\u00f3lico, enriquecido con un alto contenido de amino\u00e1cidos y vitamina B1, que estimulan la actividad fisiol\u00f3gica y reservas bioqu\u00edmicas de las plantas.<\/p>\n","protected":false},"excerpt":{"rendered":"<p>Enziprom \u00ae es un bioactivador fisiol\u00f3gico natural que contiene AATC y \u00c1cido F\u00f3lico, enriquecido con un alto contenido de amino\u00e1cidos y vitamina B1, que estimulan la actividad fisiol\u00f3gica y reservas bioqu\u00edmicas de las plantas.<\/p>\n","protected":false},"featured_media":2113,"comment_status":"open","ping_status":"closed","template":"","meta":[],"product_cat":[165],"product_tag":[],"borobazar_product_brands":[500],"borobazar_product_price_ranges":[29],"borobazar_product_genre":[],"class_list":{"0":"post-2112","1":"product","2":"type-product","3":"status-publish","4":"has-post-thumbnail","6":"product_cat-bioestimulantes","7":"borobazar_product_brands-serfi","8":"borobazar_product_price_ranges-31-to-50","10":"first","11":"instock","12":"shipping-taxable","13":"purchasable","14":"product-type-simple"},"_links":{"self":[{"href":"https:\/\/siagroperu.com\/index.php?rest_route=\/wp\/v2\/product\/2112","targetHints":{"allow":["GET"]}}],"collection":[{"href":"https:\/\/siagroperu.com\/index.php?rest_route=\/wp\/v2\/product"}],"about":[{"href":"https:\/\/siagroperu.com\/index.php?rest_route=\/wp\/v2\/types\/product"}],"replies":[{"embeddable":true,"href":"https:\/\/siagroperu.com\/index.php?rest_route=%2Fwp%2Fv2%2Fcomments&post=2112"}],"wp:featuredmedia":[{"embeddable":true,"href":"https:\/\/siagroperu.com\/index.php?rest_route=\/wp\/v2\/media\/2113"}],"wp:attachment":[{"href":"https:\/\/siagroperu.com\/index.php?rest_route=%2Fwp%2Fv2%2Fmedia&parent=2112"}],"wp:term":[{"taxonomy":"product_cat","embeddable":true,"href":"https:\/\/siagroperu.com\/index.php?rest_route=%2Fwp%2Fv2%2Fproduct_cat&post=2112"},{"taxonomy":"product_tag","embeddable":true,"href":"https:\/\/siagroperu.com\/index.php?rest_route=%2Fwp%2Fv2%2Fproduct_tag&post=2112"},{"taxonomy":"borobazar_product_brands","embeddable":true,"href":"https:\/\/siagroperu.com\/index.php?rest_route=%2Fwp%2Fv2%2Fborobazar_product_brands&post=2112"},{"taxonomy":"borobazar_product_price_ranges","embeddable":true,"href":"https:\/\/siagroperu.com\/index.php?rest_route=%2Fwp%2Fv2%2Fborobazar_product_price_ranges&post=2112"},{"taxonomy":"borobazar_product_genre","embeddable":true,"href":"https:\/\/siagroperu.com\/index.php?rest_route=%2Fwp%2Fv2%2Fborobazar_product_genre&post=2112"}],"curies":[{"name":"wp","href":"https:\/\/api.w.org\/{rel}","templated":true}]}}