{"id":2102,"date":"2025-06-18T23:58:56","date_gmt":"2025-06-18T23:58:56","guid":{"rendered":"https:\/\/siagroperu.com\/?post_type=product&#038;p=2102"},"modified":"2025-06-18T23:58:56","modified_gmt":"2025-06-18T23:58:56","slug":"azufre-pantera-polvo-seco-x-25-kg","status":"publish","type":"product","link":"https:\/\/siagroperu.com\/?product=azufre-pantera-polvo-seco-x-25-kg","title":{"rendered":"AZUFRE PANTERA POLVO SECO X 25 KG"},"content":{"rendered":"<p>Azufre agr\u00edcola para aplicaciones en espolvoreo. Act\u00faa como fungicida y repelente de \u00e1caros e insectos y como nutriente secundario esencial en las plantas.<\/p>\n","protected":false},"excerpt":{"rendered":"<p>Azufre agr\u00edcola para aplicaciones en espolvoreo. Act\u00faa como fungicida y repelente de \u00e1caros e insectos y como nutriente secundario esencial en las plantas.<\/p>\n","protected":false},"featured_media":2103,"comment_status":"open","ping_status":"closed","template":"","meta":[],"product_cat":[142,139],"product_tag":[],"borobazar_product_brands":[495],"borobazar_product_price_ranges":[29],"borobazar_product_genre":[],"class_list":{"0":"post-2102","1":"product","2":"type-product","3":"status-publish","4":"has-post-thumbnail","6":"product_cat-acaricidas","7":"product_cat-plaguicidas","8":"borobazar_product_brands-aris","9":"borobazar_product_price_ranges-31-to-50","11":"first","12":"instock","13":"shipping-taxable","14":"purchasable","15":"product-type-simple"},"_links":{"self":[{"href":"https:\/\/siagroperu.com\/index.php?rest_route=\/wp\/v2\/product\/2102","targetHints":{"allow":["GET"]}}],"collection":[{"href":"https:\/\/siagroperu.com\/index.php?rest_route=\/wp\/v2\/product"}],"about":[{"href":"https:\/\/siagroperu.com\/index.php?rest_route=\/wp\/v2\/types\/product"}],"replies":[{"embeddable":true,"href":"https:\/\/siagroperu.com\/index.php?rest_route=%2Fwp%2Fv2%2Fcomments&post=2102"}],"wp:featuredmedia":[{"embeddable":true,"href":"https:\/\/siagroperu.com\/index.php?rest_route=\/wp\/v2\/media\/2103"}],"wp:attachment":[{"href":"https:\/\/siagroperu.com\/index.php?rest_route=%2Fwp%2Fv2%2Fmedia&parent=2102"}],"wp:term":[{"taxonomy":"product_cat","embeddable":true,"href":"https:\/\/siagroperu.com\/index.php?rest_route=%2Fwp%2Fv2%2Fproduct_cat&post=2102"},{"taxonomy":"product_tag","embeddable":true,"href":"https:\/\/siagroperu.com\/index.php?rest_route=%2Fwp%2Fv2%2Fproduct_tag&post=2102"},{"taxonomy":"borobazar_product_brands","embeddable":true,"href":"https:\/\/siagroperu.com\/index.php?rest_route=%2Fwp%2Fv2%2Fborobazar_product_brands&post=2102"},{"taxonomy":"borobazar_product_price_ranges","embeddable":true,"href":"https:\/\/siagroperu.com\/index.php?rest_route=%2Fwp%2Fv2%2Fborobazar_product_price_ranges&post=2102"},{"taxonomy":"borobazar_product_genre","embeddable":true,"href":"https:\/\/siagroperu.com\/index.php?rest_route=%2Fwp%2Fv2%2Fborobazar_product_genre&post=2102"}],"curies":[{"name":"wp","href":"https:\/\/api.w.org\/{rel}","templated":true}]}}