{"id":2096,"date":"2025-06-18T23:52:53","date_gmt":"2025-06-18T23:52:53","guid":{"rendered":"https:\/\/siagroperu.com\/?post_type=product&#038;p=2096"},"modified":"2025-06-18T23:52:53","modified_gmt":"2025-06-18T23:52:53","slug":"vermetin-1-8-ce-1-l-abamectina","status":"publish","type":"product","link":"https:\/\/siagroperu.com\/?product=vermetin-1-8-ce-1-l-abamectina","title":{"rendered":"VERMETIN 1.8% CE &#8211; 1 L. (Abamectina)"},"content":{"rendered":"<p>Es un insecticida acaricida biol\u00f3gico de acci\u00f3n translaminar, para el control de todo tipo de \u00e1caros e insectos minadores en los diferentes cultivos. Es de amplio espectro que inactiva a las especies de artr\u00f3podos (\u00e1caros ) y otros insectos<\/p>\n","protected":false},"excerpt":{"rendered":"<p>Es un insecticida acaricida biol\u00f3gico de acci\u00f3n translaminar, para el control de todo tipo de \u00e1caros e insectos minadores en los diferentes cultivos. Es de amplio espectro que inactiva a las especies de artr\u00f3podos (\u00e1caros ) y otros insectos<\/p>\n","protected":false},"featured_media":2097,"comment_status":"open","ping_status":"closed","template":"","meta":[],"product_cat":[142,139],"product_tag":[],"borobazar_product_brands":[494],"borobazar_product_price_ranges":[27],"borobazar_product_genre":[],"class_list":{"0":"post-2096","1":"product","2":"type-product","3":"status-publish","4":"has-post-thumbnail","6":"product_cat-acaricidas","7":"product_cat-plaguicidas","8":"borobazar_product_brands-neoagrum","9":"borobazar_product_price_ranges-11-to-20","11":"first","12":"instock","13":"shipping-taxable","14":"purchasable","15":"product-type-simple"},"_links":{"self":[{"href":"https:\/\/siagroperu.com\/index.php?rest_route=\/wp\/v2\/product\/2096","targetHints":{"allow":["GET"]}}],"collection":[{"href":"https:\/\/siagroperu.com\/index.php?rest_route=\/wp\/v2\/product"}],"about":[{"href":"https:\/\/siagroperu.com\/index.php?rest_route=\/wp\/v2\/types\/product"}],"replies":[{"embeddable":true,"href":"https:\/\/siagroperu.com\/index.php?rest_route=%2Fwp%2Fv2%2Fcomments&post=2096"}],"wp:featuredmedia":[{"embeddable":true,"href":"https:\/\/siagroperu.com\/index.php?rest_route=\/wp\/v2\/media\/2097"}],"wp:attachment":[{"href":"https:\/\/siagroperu.com\/index.php?rest_route=%2Fwp%2Fv2%2Fmedia&parent=2096"}],"wp:term":[{"taxonomy":"product_cat","embeddable":true,"href":"https:\/\/siagroperu.com\/index.php?rest_route=%2Fwp%2Fv2%2Fproduct_cat&post=2096"},{"taxonomy":"product_tag","embeddable":true,"href":"https:\/\/siagroperu.com\/index.php?rest_route=%2Fwp%2Fv2%2Fproduct_tag&post=2096"},{"taxonomy":"borobazar_product_brands","embeddable":true,"href":"https:\/\/siagroperu.com\/index.php?rest_route=%2Fwp%2Fv2%2Fborobazar_product_brands&post=2096"},{"taxonomy":"borobazar_product_price_ranges","embeddable":true,"href":"https:\/\/siagroperu.com\/index.php?rest_route=%2Fwp%2Fv2%2Fborobazar_product_price_ranges&post=2096"},{"taxonomy":"borobazar_product_genre","embeddable":true,"href":"https:\/\/siagroperu.com\/index.php?rest_route=%2Fwp%2Fv2%2Fborobazar_product_genre&post=2096"}],"curies":[{"name":"wp","href":"https:\/\/api.w.org\/{rel}","templated":true}]}}