{"id":2094,"date":"2025-06-18T23:50:26","date_gmt":"2025-06-18T23:50:26","guid":{"rendered":"https:\/\/siagroperu.com\/?post_type=product&#038;p=2094"},"modified":"2025-06-18T23:50:26","modified_gmt":"2025-06-18T23:50:26","slug":"bull-fire-240-sc-x-1-lt-clorfenapyr","status":"publish","type":"product","link":"https:\/\/siagroperu.com\/?product=bull-fire-240-sc-x-1-lt-clorfenapyr","title":{"rendered":"BULL FIRE 240 SC X 1 LT (Clorfenapyr)"},"content":{"rendered":"<p>Recomendado para el control de lepid\u00f3pteros y \u00e1caros. Tiene acci\u00f3n por contacto e ingesti\u00f3n. Posee buena acci\u00f3n translaminar y es ovicida en algunas especies. Act\u00faa en las mitocondrias inhibiendo la respiraci\u00f3n celular cesando su producci\u00f3n de ATP y ocasionando muerte celular y del insecto.<\/p>\n","protected":false},"excerpt":{"rendered":"<p>Recomendado para el control de lepid\u00f3pteros y \u00e1caros. Tiene acci\u00f3n por contacto e ingesti\u00f3n. Posee buena acci\u00f3n translaminar y es ovicida en algunas especies. Act\u00faa en las mitocondrias inhibiendo la respiraci\u00f3n celular cesando su producci\u00f3n de ATP y ocasionando muerte celular y del insecto.<\/p>\n","protected":false},"featured_media":0,"comment_status":"open","ping_status":"closed","template":"","meta":[],"product_cat":[142,139],"product_tag":[],"borobazar_product_brands":[494],"borobazar_product_price_ranges":[29],"borobazar_product_genre":[],"class_list":{"0":"post-2094","1":"product","2":"type-product","3":"status-publish","5":"product_cat-acaricidas","6":"product_cat-plaguicidas","7":"borobazar_product_brands-neoagrum","8":"borobazar_product_price_ranges-31-to-50","10":"first","11":"instock","12":"shipping-taxable","13":"purchasable","14":"product-type-simple"},"_links":{"self":[{"href":"https:\/\/siagroperu.com\/index.php?rest_route=\/wp\/v2\/product\/2094","targetHints":{"allow":["GET"]}}],"collection":[{"href":"https:\/\/siagroperu.com\/index.php?rest_route=\/wp\/v2\/product"}],"about":[{"href":"https:\/\/siagroperu.com\/index.php?rest_route=\/wp\/v2\/types\/product"}],"replies":[{"embeddable":true,"href":"https:\/\/siagroperu.com\/index.php?rest_route=%2Fwp%2Fv2%2Fcomments&post=2094"}],"wp:attachment":[{"href":"https:\/\/siagroperu.com\/index.php?rest_route=%2Fwp%2Fv2%2Fmedia&parent=2094"}],"wp:term":[{"taxonomy":"product_cat","embeddable":true,"href":"https:\/\/siagroperu.com\/index.php?rest_route=%2Fwp%2Fv2%2Fproduct_cat&post=2094"},{"taxonomy":"product_tag","embeddable":true,"href":"https:\/\/siagroperu.com\/index.php?rest_route=%2Fwp%2Fv2%2Fproduct_tag&post=2094"},{"taxonomy":"borobazar_product_brands","embeddable":true,"href":"https:\/\/siagroperu.com\/index.php?rest_route=%2Fwp%2Fv2%2Fborobazar_product_brands&post=2094"},{"taxonomy":"borobazar_product_price_ranges","embeddable":true,"href":"https:\/\/siagroperu.com\/index.php?rest_route=%2Fwp%2Fv2%2Fborobazar_product_price_ranges&post=2094"},{"taxonomy":"borobazar_product_genre","embeddable":true,"href":"https:\/\/siagroperu.com\/index.php?rest_route=%2Fwp%2Fv2%2Fborobazar_product_genre&post=2094"}],"curies":[{"name":"wp","href":"https:\/\/api.w.org\/{rel}","templated":true}]}}