{"id":2092,"date":"2025-06-18T23:43:44","date_gmt":"2025-06-18T23:43:44","guid":{"rendered":"https:\/\/siagroperu.com\/?post_type=product&#038;p=2092"},"modified":"2025-06-18T23:43:45","modified_gmt":"2025-06-18T23:43:45","slug":"abamex-1-8-ec-x-1-lt-abamectina","status":"publish","type":"product","link":"https:\/\/siagroperu.com\/?product=abamex-1-8-ec-x-1-lt-abamectina","title":{"rendered":"ABAMEX 1.8 EC X 1 LT (Abamectina)"},"content":{"rendered":"<p>Insecticida de excelente control de \u00e1caros (estad\u00edos m\u00f3viles) e insectos minadores de hoja.<\/p>\n","protected":false},"excerpt":{"rendered":"<p>Insecticida de excelente control de \u00e1caros (estad\u00edos m\u00f3viles) e insectos minadores de hoja.<\/p>\n","protected":false},"featured_media":2093,"comment_status":"open","ping_status":"closed","template":"","meta":[],"product_cat":[142,139],"product_tag":[],"borobazar_product_brands":[493],"borobazar_product_price_ranges":[28],"borobazar_product_genre":[],"class_list":{"0":"post-2092","1":"product","2":"type-product","3":"status-publish","4":"has-post-thumbnail","6":"product_cat-acaricidas","7":"product_cat-plaguicidas","8":"borobazar_product_brands-farmex","9":"borobazar_product_price_ranges-21-to-30","11":"first","12":"instock","13":"shipping-taxable","14":"purchasable","15":"product-type-simple"},"_links":{"self":[{"href":"https:\/\/siagroperu.com\/index.php?rest_route=\/wp\/v2\/product\/2092","targetHints":{"allow":["GET"]}}],"collection":[{"href":"https:\/\/siagroperu.com\/index.php?rest_route=\/wp\/v2\/product"}],"about":[{"href":"https:\/\/siagroperu.com\/index.php?rest_route=\/wp\/v2\/types\/product"}],"replies":[{"embeddable":true,"href":"https:\/\/siagroperu.com\/index.php?rest_route=%2Fwp%2Fv2%2Fcomments&post=2092"}],"wp:featuredmedia":[{"embeddable":true,"href":"https:\/\/siagroperu.com\/index.php?rest_route=\/wp\/v2\/media\/2093"}],"wp:attachment":[{"href":"https:\/\/siagroperu.com\/index.php?rest_route=%2Fwp%2Fv2%2Fmedia&parent=2092"}],"wp:term":[{"taxonomy":"product_cat","embeddable":true,"href":"https:\/\/siagroperu.com\/index.php?rest_route=%2Fwp%2Fv2%2Fproduct_cat&post=2092"},{"taxonomy":"product_tag","embeddable":true,"href":"https:\/\/siagroperu.com\/index.php?rest_route=%2Fwp%2Fv2%2Fproduct_tag&post=2092"},{"taxonomy":"borobazar_product_brands","embeddable":true,"href":"https:\/\/siagroperu.com\/index.php?rest_route=%2Fwp%2Fv2%2Fborobazar_product_brands&post=2092"},{"taxonomy":"borobazar_product_price_ranges","embeddable":true,"href":"https:\/\/siagroperu.com\/index.php?rest_route=%2Fwp%2Fv2%2Fborobazar_product_price_ranges&post=2092"},{"taxonomy":"borobazar_product_genre","embeddable":true,"href":"https:\/\/siagroperu.com\/index.php?rest_route=%2Fwp%2Fv2%2Fborobazar_product_genre&post=2092"}],"curies":[{"name":"wp","href":"https:\/\/api.w.org\/{rel}","templated":true}]}}