{"id":2088,"date":"2025-06-18T23:26:14","date_gmt":"2025-06-18T23:26:14","guid":{"rendered":"https:\/\/siagroperu.com\/?post_type=product&#038;p=2088"},"modified":"2025-06-18T23:26:14","modified_gmt":"2025-06-18T23:26:14","slug":"fumigador-de-mochila-25l-motor-gasolina-4t-profesional-truper-101569","status":"publish","type":"product","link":"https:\/\/siagroperu.com\/?product=fumigador-de-mochila-25l-motor-gasolina-4t-profesional-truper-101569","title":{"rendered":"Fumigador de Mochila 25L Motor Gasolina 4T Profesional Truper 101569"},"content":{"rendered":"<p style=\"font-weight: 400;\">Motor OHC a 4 tiempos de alto desempe\u00f1o, que no requiere mezcla de aceite y gasolina<\/p>\n<p style=\"font-weight: 400;\">Arranque manual (cuerda retr\u00e1ctil)<\/p>\n<p style=\"font-weight: 400;\">Lanzas y boquillas de acero inoxidable<\/p>\n<p style=\"font-weight: 400;\">Presi\u00f3n regulable<\/p>\n<p style=\"font-weight: 400;\">Doble manguera de pulverizado<\/p>\n","protected":false},"excerpt":{"rendered":"<p>Motor OHC a 4 tiempos de alto desempe\u00f1o, que no requiere mezcla de aceite y gasolina Arranque manual (cuerda retr\u00e1ctil) Lanzas y boquillas de acero inoxidable Presi\u00f3n regulable Doble manguera de pulverizado<\/p>\n","protected":false},"featured_media":2089,"comment_status":"open","ping_status":"closed","template":"","meta":[],"product_cat":[185],"product_tag":[],"borobazar_product_brands":[489],"borobazar_product_price_ranges":[460],"borobazar_product_genre":[],"class_list":{"0":"post-2088","1":"product","2":"type-product","3":"status-publish","4":"has-post-thumbnail","6":"product_cat-equipos-e-implementos-agricolas","7":"borobazar_product_brands-truper","8":"borobazar_product_price_ranges-under-500","10":"first","11":"instock","12":"shipping-taxable","13":"purchasable","14":"product-type-simple"},"_links":{"self":[{"href":"https:\/\/siagroperu.com\/index.php?rest_route=\/wp\/v2\/product\/2088","targetHints":{"allow":["GET"]}}],"collection":[{"href":"https:\/\/siagroperu.com\/index.php?rest_route=\/wp\/v2\/product"}],"about":[{"href":"https:\/\/siagroperu.com\/index.php?rest_route=\/wp\/v2\/types\/product"}],"replies":[{"embeddable":true,"href":"https:\/\/siagroperu.com\/index.php?rest_route=%2Fwp%2Fv2%2Fcomments&post=2088"}],"wp:featuredmedia":[{"embeddable":true,"href":"https:\/\/siagroperu.com\/index.php?rest_route=\/wp\/v2\/media\/2089"}],"wp:attachment":[{"href":"https:\/\/siagroperu.com\/index.php?rest_route=%2Fwp%2Fv2%2Fmedia&parent=2088"}],"wp:term":[{"taxonomy":"product_cat","embeddable":true,"href":"https:\/\/siagroperu.com\/index.php?rest_route=%2Fwp%2Fv2%2Fproduct_cat&post=2088"},{"taxonomy":"product_tag","embeddable":true,"href":"https:\/\/siagroperu.com\/index.php?rest_route=%2Fwp%2Fv2%2Fproduct_tag&post=2088"},{"taxonomy":"borobazar_product_brands","embeddable":true,"href":"https:\/\/siagroperu.com\/index.php?rest_route=%2Fwp%2Fv2%2Fborobazar_product_brands&post=2088"},{"taxonomy":"borobazar_product_price_ranges","embeddable":true,"href":"https:\/\/siagroperu.com\/index.php?rest_route=%2Fwp%2Fv2%2Fborobazar_product_price_ranges&post=2088"},{"taxonomy":"borobazar_product_genre","embeddable":true,"href":"https:\/\/siagroperu.com\/index.php?rest_route=%2Fwp%2Fv2%2Fborobazar_product_genre&post=2088"}],"curies":[{"name":"wp","href":"https:\/\/api.w.org\/{rel}","templated":true}]}}