{"id":2086,"date":"2025-06-18T23:24:27","date_gmt":"2025-06-18T23:24:27","guid":{"rendered":"https:\/\/siagroperu.com\/?post_type=product&#038;p=2086"},"modified":"2025-06-18T23:24:27","modified_gmt":"2025-06-18T23:24:27","slug":"fumigador-doser-evolution-20l-pulverizador-dosificador-matabi","status":"publish","type":"product","link":"https:\/\/siagroperu.com\/?product=fumigador-doser-evolution-20l-pulverizador-dosificador-matabi","title":{"rendered":"Fumigador Doser Evolution 20L Pulverizador Dosificador Matabi"},"content":{"rendered":"<p style=\"font-weight: 400;\"><b><strong>Fumigador Doser Evolution 20L Pulverizador Dosificador Matabi<\/strong><\/b><\/p>\n<p style=\"font-weight: 400;\">El equipo dosificador de 20 litros, cuenta con cuatro posiciones (25 \u2013 50 \u2013 75 \u2013 100 cc) para la aplicaci\u00f3n de fertilizantes o plaguicidas l\u00edquidos de forma dosificada. Est\u00e1 espec\u00edficamente dise\u00f1ado para tratamientos de cultivos focalizados, en suelo, en altura, relleno de trampas, en subsuelo.<\/p>\n<p style=\"font-weight: 400;\">Id\u00f3neo para aplicaci\u00f3n en viveros, hortalizas, frutales, caf\u00e9, tabaco, etc.<\/p>\n","protected":false},"excerpt":{"rendered":"<p>Fumigador Doser Evolution 20L Pulverizador Dosificador Matabi El equipo dosificador de 20 litros, cuenta con cuatro posiciones (25 \u2013 50 \u2013 75 \u2013 100 cc) para la aplicaci\u00f3n de fertilizantes o plaguicidas l\u00edquidos de forma dosificada. Est\u00e1 espec\u00edficamente dise\u00f1ado para tratamientos de cultivos focalizados, en suelo, en altura, relleno de trampas, en subsuelo. Id\u00f3neo para [&hellip;]<\/p>\n","protected":false},"featured_media":2087,"comment_status":"open","ping_status":"closed","template":"","meta":[],"product_cat":[185],"product_tag":[],"borobazar_product_brands":[491],"borobazar_product_price_ranges":[462],"borobazar_product_genre":[],"class_list":{"0":"post-2086","1":"product","2":"type-product","3":"status-publish","4":"has-post-thumbnail","6":"product_cat-equipos-e-implementos-agricolas","7":"borobazar_product_brands-matabi","8":"borobazar_product_price_ranges-over-100","10":"first","11":"instock","12":"shipping-taxable","13":"purchasable","14":"product-type-simple"},"_links":{"self":[{"href":"https:\/\/siagroperu.com\/index.php?rest_route=\/wp\/v2\/product\/2086","targetHints":{"allow":["GET"]}}],"collection":[{"href":"https:\/\/siagroperu.com\/index.php?rest_route=\/wp\/v2\/product"}],"about":[{"href":"https:\/\/siagroperu.com\/index.php?rest_route=\/wp\/v2\/types\/product"}],"replies":[{"embeddable":true,"href":"https:\/\/siagroperu.com\/index.php?rest_route=%2Fwp%2Fv2%2Fcomments&post=2086"}],"wp:featuredmedia":[{"embeddable":true,"href":"https:\/\/siagroperu.com\/index.php?rest_route=\/wp\/v2\/media\/2087"}],"wp:attachment":[{"href":"https:\/\/siagroperu.com\/index.php?rest_route=%2Fwp%2Fv2%2Fmedia&parent=2086"}],"wp:term":[{"taxonomy":"product_cat","embeddable":true,"href":"https:\/\/siagroperu.com\/index.php?rest_route=%2Fwp%2Fv2%2Fproduct_cat&post=2086"},{"taxonomy":"product_tag","embeddable":true,"href":"https:\/\/siagroperu.com\/index.php?rest_route=%2Fwp%2Fv2%2Fproduct_tag&post=2086"},{"taxonomy":"borobazar_product_brands","embeddable":true,"href":"https:\/\/siagroperu.com\/index.php?rest_route=%2Fwp%2Fv2%2Fborobazar_product_brands&post=2086"},{"taxonomy":"borobazar_product_price_ranges","embeddable":true,"href":"https:\/\/siagroperu.com\/index.php?rest_route=%2Fwp%2Fv2%2Fborobazar_product_price_ranges&post=2086"},{"taxonomy":"borobazar_product_genre","embeddable":true,"href":"https:\/\/siagroperu.com\/index.php?rest_route=%2Fwp%2Fv2%2Fborobazar_product_genre&post=2086"}],"curies":[{"name":"wp","href":"https:\/\/api.w.org\/{rel}","templated":true}]}}