{"id":2082,"date":"2025-06-18T23:20:29","date_gmt":"2025-06-18T23:20:29","guid":{"rendered":"https:\/\/siagroperu.com\/?post_type=product&#038;p=2082"},"modified":"2025-06-18T23:20:29","modified_gmt":"2025-06-18T23:20:29","slug":"fumigador-manual-15l-bomba-piston-6-0-bar-solo-425","status":"publish","type":"product","link":"https:\/\/siagroperu.com\/?product=fumigador-manual-15l-bomba-piston-6-0-bar-solo-425","title":{"rendered":"Fumigador Manual 15L Bomba Piston 6.0 Bar Solo 425"},"content":{"rendered":"<p style=\"font-weight: 400;\"><b><strong>Fumigador Manual 15L Bomba Piston 6.0 Bar Solo 425<\/strong><\/b><\/p>\n<p style=\"font-weight: 400;\">El Pulverizador modelo 425 Tipo Mochila, con sistema de presi\u00f3n, es fabricado con material altamente resistente a la corrosi\u00f3n de productos qu\u00edmicos, al trabajo extremo y a las m\u00e1s adversas condiciones de clima; cuenta con un sistema de accionamiento de palanca, c\u00f3modo y reversible, detalles que la convierten en la m\u00e1s duradera, vers\u00e1til, y una de las m\u00e1s vendidas en el mundo.<\/p>\n","protected":false},"excerpt":{"rendered":"<p>Fumigador Manual 15L Bomba Piston 6.0 Bar Solo 425 El Pulverizador modelo 425 Tipo Mochila, con sistema de presi\u00f3n, es fabricado con material altamente resistente a la corrosi\u00f3n de productos qu\u00edmicos, al trabajo extremo y a las m\u00e1s adversas condiciones de clima; cuenta con un sistema de accionamiento de palanca, c\u00f3modo y reversible, detalles que [&hellip;]<\/p>\n","protected":false},"featured_media":2083,"comment_status":"open","ping_status":"closed","template":"","meta":[],"product_cat":[185],"product_tag":[],"borobazar_product_brands":[490],"borobazar_product_price_ranges":[462],"borobazar_product_genre":[],"class_list":{"0":"post-2082","1":"product","2":"type-product","3":"status-publish","4":"has-post-thumbnail","6":"product_cat-equipos-e-implementos-agricolas","7":"borobazar_product_brands-solo","8":"borobazar_product_price_ranges-over-100","10":"first","11":"instock","12":"shipping-taxable","13":"purchasable","14":"product-type-simple"},"_links":{"self":[{"href":"https:\/\/siagroperu.com\/index.php?rest_route=\/wp\/v2\/product\/2082","targetHints":{"allow":["GET"]}}],"collection":[{"href":"https:\/\/siagroperu.com\/index.php?rest_route=\/wp\/v2\/product"}],"about":[{"href":"https:\/\/siagroperu.com\/index.php?rest_route=\/wp\/v2\/types\/product"}],"replies":[{"embeddable":true,"href":"https:\/\/siagroperu.com\/index.php?rest_route=%2Fwp%2Fv2%2Fcomments&post=2082"}],"wp:featuredmedia":[{"embeddable":true,"href":"https:\/\/siagroperu.com\/index.php?rest_route=\/wp\/v2\/media\/2083"}],"wp:attachment":[{"href":"https:\/\/siagroperu.com\/index.php?rest_route=%2Fwp%2Fv2%2Fmedia&parent=2082"}],"wp:term":[{"taxonomy":"product_cat","embeddable":true,"href":"https:\/\/siagroperu.com\/index.php?rest_route=%2Fwp%2Fv2%2Fproduct_cat&post=2082"},{"taxonomy":"product_tag","embeddable":true,"href":"https:\/\/siagroperu.com\/index.php?rest_route=%2Fwp%2Fv2%2Fproduct_tag&post=2082"},{"taxonomy":"borobazar_product_brands","embeddable":true,"href":"https:\/\/siagroperu.com\/index.php?rest_route=%2Fwp%2Fv2%2Fborobazar_product_brands&post=2082"},{"taxonomy":"borobazar_product_price_ranges","embeddable":true,"href":"https:\/\/siagroperu.com\/index.php?rest_route=%2Fwp%2Fv2%2Fborobazar_product_price_ranges&post=2082"},{"taxonomy":"borobazar_product_genre","embeddable":true,"href":"https:\/\/siagroperu.com\/index.php?rest_route=%2Fwp%2Fv2%2Fborobazar_product_genre&post=2082"}],"curies":[{"name":"wp","href":"https:\/\/api.w.org\/{rel}","templated":true}]}}