{"id":2079,"date":"2025-06-18T23:17:53","date_gmt":"2025-06-18T23:17:53","guid":{"rendered":"https:\/\/siagroperu.com\/?post_type=product&#038;p=2079"},"modified":"2025-06-18T23:17:53","modified_gmt":"2025-06-18T23:17:53","slug":"fumigador-manual-10l-bomba-membrana-solo-473d-classic","status":"publish","type":"product","link":"https:\/\/siagroperu.com\/?product=fumigador-manual-10l-bomba-membrana-solo-473d-classic","title":{"rendered":"Fumigador Manual 10L Bomba Membrana Solo 473D Classic"},"content":{"rendered":"<p style=\"font-weight: 400;\"><b><strong>Fumigador Manual 10L Bomba Membrana Solo 473D Classic<\/strong><\/b><\/p>\n<p style=\"font-weight: 400;\">SOLO CLASSIC 473 D: modelo b\u00e1sico de los pulverizadores de mochila de SOLO. Con bomba de membrana y 10 litros volumen de llenado, podr\u00e1 aplicar los productos fitosanitarios o medios de control de malas las hierbas en el jard\u00edn con fiabilidad. Las pocas piezas de desgaste y la t\u00e9cnica s\u00f3lida garantizan una larga vida \u00fatil y un mantenimiento del m\u00ednimo. Anchas bocas de llenado para cargar el dep\u00f3sito c\u00f3modamente y bombas de \u00f3ptimo funcionamiento que permiten trabajar con comodidad.<\/p>\n","protected":false},"excerpt":{"rendered":"<p>Fumigador Manual 10L Bomba Membrana Solo 473D Classic SOLO CLASSIC 473 D: modelo b\u00e1sico de los pulverizadores de mochila de SOLO. Con bomba de membrana y 10 litros volumen de llenado, podr\u00e1 aplicar los productos fitosanitarios o medios de control de malas las hierbas en el jard\u00edn con fiabilidad. Las pocas piezas de desgaste y [&hellip;]<\/p>\n","protected":false},"featured_media":2080,"comment_status":"open","ping_status":"closed","template":"","meta":[],"product_cat":[185],"product_tag":[],"borobazar_product_brands":[490],"borobazar_product_price_ranges":[462],"borobazar_product_genre":[],"class_list":{"0":"post-2079","1":"product","2":"type-product","3":"status-publish","4":"has-post-thumbnail","6":"product_cat-equipos-e-implementos-agricolas","7":"borobazar_product_brands-solo","8":"borobazar_product_price_ranges-over-100","10":"first","11":"instock","12":"shipping-taxable","13":"purchasable","14":"product-type-simple"},"_links":{"self":[{"href":"https:\/\/siagroperu.com\/index.php?rest_route=\/wp\/v2\/product\/2079","targetHints":{"allow":["GET"]}}],"collection":[{"href":"https:\/\/siagroperu.com\/index.php?rest_route=\/wp\/v2\/product"}],"about":[{"href":"https:\/\/siagroperu.com\/index.php?rest_route=\/wp\/v2\/types\/product"}],"replies":[{"embeddable":true,"href":"https:\/\/siagroperu.com\/index.php?rest_route=%2Fwp%2Fv2%2Fcomments&post=2079"}],"wp:featuredmedia":[{"embeddable":true,"href":"https:\/\/siagroperu.com\/index.php?rest_route=\/wp\/v2\/media\/2080"}],"wp:attachment":[{"href":"https:\/\/siagroperu.com\/index.php?rest_route=%2Fwp%2Fv2%2Fmedia&parent=2079"}],"wp:term":[{"taxonomy":"product_cat","embeddable":true,"href":"https:\/\/siagroperu.com\/index.php?rest_route=%2Fwp%2Fv2%2Fproduct_cat&post=2079"},{"taxonomy":"product_tag","embeddable":true,"href":"https:\/\/siagroperu.com\/index.php?rest_route=%2Fwp%2Fv2%2Fproduct_tag&post=2079"},{"taxonomy":"borobazar_product_brands","embeddable":true,"href":"https:\/\/siagroperu.com\/index.php?rest_route=%2Fwp%2Fv2%2Fborobazar_product_brands&post=2079"},{"taxonomy":"borobazar_product_price_ranges","embeddable":true,"href":"https:\/\/siagroperu.com\/index.php?rest_route=%2Fwp%2Fv2%2Fborobazar_product_price_ranges&post=2079"},{"taxonomy":"borobazar_product_genre","embeddable":true,"href":"https:\/\/siagroperu.com\/index.php?rest_route=%2Fwp%2Fv2%2Fborobazar_product_genre&post=2079"}],"curies":[{"name":"wp","href":"https:\/\/api.w.org\/{rel}","templated":true}]}}