{"id":2043,"date":"2025-06-17T23:36:03","date_gmt":"2025-06-17T23:36:03","guid":{"rendered":"https:\/\/siagroperu.com\/?post_type=product&#038;p=2043"},"modified":"2025-06-17T23:36:03","modified_gmt":"2025-06-17T23:36:03","slug":"tijera-de-raleo-y-cosecha-tramontina-78311-051","status":"publish","type":"product","link":"https:\/\/siagroperu.com\/?product=tijera-de-raleo-y-cosecha-tramontina-78311-051","title":{"rendered":"Tijera de raleo y cosecha TRAMONTINA &#8211; 78311\/051"},"content":{"rendered":"<p>Tijera de l\u00e1minas de acero inoxidable para cosechar frutos de forma profesional, sin perjudicar la planta, o para raleo de frutas. Es anat\u00f3mica, muy resistente y tiene una excelente l\u00e1mina. Una herramienta vers\u00e1til que se puede utilizar hasta en la poda de bonsais.<\/p>\n","protected":false},"excerpt":{"rendered":"<p>Tijera de l\u00e1minas de acero inoxidable para cosechar frutos de forma profesional, sin perjudicar la planta, o para raleo de frutas. Es anat\u00f3mica, muy resistente y tiene una excelente l\u00e1mina. Una herramienta vers\u00e1til que se puede utilizar hasta en la poda de bonsais.<\/p>\n","protected":false},"featured_media":2044,"comment_status":"open","ping_status":"closed","template":"","meta":[],"product_cat":[185],"product_tag":[],"borobazar_product_brands":[483],"borobazar_product_price_ranges":[28],"borobazar_product_genre":[],"class_list":{"0":"post-2043","1":"product","2":"type-product","3":"status-publish","4":"has-post-thumbnail","6":"product_cat-equipos-e-implementos-agricolas","7":"borobazar_product_brands-tramontina","8":"borobazar_product_price_ranges-21-to-30","10":"first","11":"instock","12":"shipping-taxable","13":"purchasable","14":"product-type-simple"},"_links":{"self":[{"href":"https:\/\/siagroperu.com\/index.php?rest_route=\/wp\/v2\/product\/2043","targetHints":{"allow":["GET"]}}],"collection":[{"href":"https:\/\/siagroperu.com\/index.php?rest_route=\/wp\/v2\/product"}],"about":[{"href":"https:\/\/siagroperu.com\/index.php?rest_route=\/wp\/v2\/types\/product"}],"replies":[{"embeddable":true,"href":"https:\/\/siagroperu.com\/index.php?rest_route=%2Fwp%2Fv2%2Fcomments&post=2043"}],"wp:featuredmedia":[{"embeddable":true,"href":"https:\/\/siagroperu.com\/index.php?rest_route=\/wp\/v2\/media\/2044"}],"wp:attachment":[{"href":"https:\/\/siagroperu.com\/index.php?rest_route=%2Fwp%2Fv2%2Fmedia&parent=2043"}],"wp:term":[{"taxonomy":"product_cat","embeddable":true,"href":"https:\/\/siagroperu.com\/index.php?rest_route=%2Fwp%2Fv2%2Fproduct_cat&post=2043"},{"taxonomy":"product_tag","embeddable":true,"href":"https:\/\/siagroperu.com\/index.php?rest_route=%2Fwp%2Fv2%2Fproduct_tag&post=2043"},{"taxonomy":"borobazar_product_brands","embeddable":true,"href":"https:\/\/siagroperu.com\/index.php?rest_route=%2Fwp%2Fv2%2Fborobazar_product_brands&post=2043"},{"taxonomy":"borobazar_product_price_ranges","embeddable":true,"href":"https:\/\/siagroperu.com\/index.php?rest_route=%2Fwp%2Fv2%2Fborobazar_product_price_ranges&post=2043"},{"taxonomy":"borobazar_product_genre","embeddable":true,"href":"https:\/\/siagroperu.com\/index.php?rest_route=%2Fwp%2Fv2%2Fborobazar_product_genre&post=2043"}],"curies":[{"name":"wp","href":"https:\/\/api.w.org\/{rel}","templated":true}]}}