{"id":2040,"date":"2025-06-17T23:32:25","date_gmt":"2025-06-17T23:32:25","guid":{"rendered":"https:\/\/siagroperu.com\/?post_type=product&#038;p=2040"},"modified":"2025-06-17T23:32:25","modified_gmt":"2025-06-17T23:32:25","slug":"tijera-de-corte-recto-largo-corona-ag-4930ss","status":"publish","type":"product","link":"https:\/\/siagroperu.com\/?product=tijera-de-corte-recto-largo-corona-ag-4930ss","title":{"rendered":"Tijera de corte recto largo CORONA &#8211; AG 4930SS"},"content":{"rendered":"<p>Hoja larga, recta y puntiaguda para una amplia gama de aplicaciones, incluyendo peque\u00f1as ramas, flores y verduras<br \/>\nHoja de acero inoxidable resistente a la corrosi\u00f3n: evita la oxidaci\u00f3n y es m\u00e1s f\u00e1cil de limpiar mientras reduce la acumulaci\u00f3n de g\u00e9rmenes.<br \/>\nCuchillas, resorte y mango recubiertos para evitar el \u00f3xido<br \/>\nCierre de correa de cuero discreto: mantiene las cuchillas cerradas para mayor seguridad cuando no est\u00e1n en uso<\/p>\n","protected":false},"excerpt":{"rendered":"<p>Hoja larga, recta y puntiaguda para una amplia gama de aplicaciones, incluyendo peque\u00f1as ramas, flores y verduras Hoja de acero inoxidable resistente a la corrosi\u00f3n: evita la oxidaci\u00f3n y es m\u00e1s f\u00e1cil de limpiar mientras reduce la acumulaci\u00f3n de g\u00e9rmenes. Cuchillas, resorte y mango recubiertos para evitar el \u00f3xido Cierre de correa de cuero discreto: [&hellip;]<\/p>\n","protected":false},"featured_media":2039,"comment_status":"open","ping_status":"closed","template":"","meta":[],"product_cat":[185],"product_tag":[],"borobazar_product_brands":[],"borobazar_product_price_ranges":[28],"borobazar_product_genre":[],"class_list":{"0":"post-2040","1":"product","2":"type-product","3":"status-publish","4":"has-post-thumbnail","6":"product_cat-equipos-e-implementos-agricolas","7":"borobazar_product_price_ranges-21-to-30","9":"first","10":"instock","11":"shipping-taxable","12":"purchasable","13":"product-type-simple"},"_links":{"self":[{"href":"https:\/\/siagroperu.com\/index.php?rest_route=\/wp\/v2\/product\/2040","targetHints":{"allow":["GET"]}}],"collection":[{"href":"https:\/\/siagroperu.com\/index.php?rest_route=\/wp\/v2\/product"}],"about":[{"href":"https:\/\/siagroperu.com\/index.php?rest_route=\/wp\/v2\/types\/product"}],"replies":[{"embeddable":true,"href":"https:\/\/siagroperu.com\/index.php?rest_route=%2Fwp%2Fv2%2Fcomments&post=2040"}],"wp:featuredmedia":[{"embeddable":true,"href":"https:\/\/siagroperu.com\/index.php?rest_route=\/wp\/v2\/media\/2039"}],"wp:attachment":[{"href":"https:\/\/siagroperu.com\/index.php?rest_route=%2Fwp%2Fv2%2Fmedia&parent=2040"}],"wp:term":[{"taxonomy":"product_cat","embeddable":true,"href":"https:\/\/siagroperu.com\/index.php?rest_route=%2Fwp%2Fv2%2Fproduct_cat&post=2040"},{"taxonomy":"product_tag","embeddable":true,"href":"https:\/\/siagroperu.com\/index.php?rest_route=%2Fwp%2Fv2%2Fproduct_tag&post=2040"},{"taxonomy":"borobazar_product_brands","embeddable":true,"href":"https:\/\/siagroperu.com\/index.php?rest_route=%2Fwp%2Fv2%2Fborobazar_product_brands&post=2040"},{"taxonomy":"borobazar_product_price_ranges","embeddable":true,"href":"https:\/\/siagroperu.com\/index.php?rest_route=%2Fwp%2Fv2%2Fborobazar_product_price_ranges&post=2040"},{"taxonomy":"borobazar_product_genre","embeddable":true,"href":"https:\/\/siagroperu.com\/index.php?rest_route=%2Fwp%2Fv2%2Fborobazar_product_genre&post=2040"}],"curies":[{"name":"wp","href":"https:\/\/api.w.org\/{rel}","templated":true}]}}