{"id":2036,"date":"2025-06-17T23:29:33","date_gmt":"2025-06-17T23:29:33","guid":{"rendered":"https:\/\/siagroperu.com\/?post_type=product&#038;p=2036"},"modified":"2025-06-17T23:29:34","modified_gmt":"2025-06-17T23:29:34","slug":"navaja-curva-para-injertar-tramontina-26325-103","status":"publish","type":"product","link":"https:\/\/siagroperu.com\/?product=navaja-curva-para-injertar-tramontina-26325-103","title":{"rendered":"Navaja curva para injertar TRAMONTINA &#8211; 26325\/103"},"content":{"rendered":"<p>Navaja TRAMONTINA con l\u00e1mina (cuchilla) en acero inoxidable altamente duradera y mango de madera de 3 pulgadas de filo liso sorprender\u00e1 con su dise\u00f1o y funcionalidad.<\/p>\n<p>La l\u00ednea de Navajas de Tramontina garantiza que usted est\u00e9 siempre listo para cortar, pelar, abrir y mucho m\u00e1s. Estas caracter\u00edsticas garantizan su calidad, ofreciendo un manejo c\u00f3modo y seguro. El visual diferenciado de la l\u00e1mina y del mango la convierte en una pieza imponente.<\/p>\n","protected":false},"excerpt":{"rendered":"<p>Navaja TRAMONTINA con l\u00e1mina (cuchilla) en acero inoxidable altamente duradera y mango de madera de 3 pulgadas de filo liso sorprender\u00e1 con su dise\u00f1o y funcionalidad. La l\u00ednea de Navajas de Tramontina garantiza que usted est\u00e9 siempre listo para cortar, pelar, abrir y mucho m\u00e1s. Estas caracter\u00edsticas garantizan su calidad, ofreciendo un manejo c\u00f3modo y [&hellip;]<\/p>\n","protected":false},"featured_media":2037,"comment_status":"open","ping_status":"closed","template":"","meta":[],"product_cat":[185],"product_tag":[],"borobazar_product_brands":[],"borobazar_product_price_ranges":[28],"borobazar_product_genre":[],"class_list":{"0":"post-2036","1":"product","2":"type-product","3":"status-publish","4":"has-post-thumbnail","6":"product_cat-equipos-e-implementos-agricolas","7":"borobazar_product_price_ranges-21-to-30","9":"first","10":"instock","11":"shipping-taxable","12":"purchasable","13":"product-type-simple"},"_links":{"self":[{"href":"https:\/\/siagroperu.com\/index.php?rest_route=\/wp\/v2\/product\/2036","targetHints":{"allow":["GET"]}}],"collection":[{"href":"https:\/\/siagroperu.com\/index.php?rest_route=\/wp\/v2\/product"}],"about":[{"href":"https:\/\/siagroperu.com\/index.php?rest_route=\/wp\/v2\/types\/product"}],"replies":[{"embeddable":true,"href":"https:\/\/siagroperu.com\/index.php?rest_route=%2Fwp%2Fv2%2Fcomments&post=2036"}],"wp:featuredmedia":[{"embeddable":true,"href":"https:\/\/siagroperu.com\/index.php?rest_route=\/wp\/v2\/media\/2037"}],"wp:attachment":[{"href":"https:\/\/siagroperu.com\/index.php?rest_route=%2Fwp%2Fv2%2Fmedia&parent=2036"}],"wp:term":[{"taxonomy":"product_cat","embeddable":true,"href":"https:\/\/siagroperu.com\/index.php?rest_route=%2Fwp%2Fv2%2Fproduct_cat&post=2036"},{"taxonomy":"product_tag","embeddable":true,"href":"https:\/\/siagroperu.com\/index.php?rest_route=%2Fwp%2Fv2%2Fproduct_tag&post=2036"},{"taxonomy":"borobazar_product_brands","embeddable":true,"href":"https:\/\/siagroperu.com\/index.php?rest_route=%2Fwp%2Fv2%2Fborobazar_product_brands&post=2036"},{"taxonomy":"borobazar_product_price_ranges","embeddable":true,"href":"https:\/\/siagroperu.com\/index.php?rest_route=%2Fwp%2Fv2%2Fborobazar_product_price_ranges&post=2036"},{"taxonomy":"borobazar_product_genre","embeddable":true,"href":"https:\/\/siagroperu.com\/index.php?rest_route=%2Fwp%2Fv2%2Fborobazar_product_genre&post=2036"}],"curies":[{"name":"wp","href":"https:\/\/api.w.org\/{rel}","templated":true}]}}