{"id":2023,"date":"2025-06-17T23:18:30","date_gmt":"2025-06-17T23:18:30","guid":{"rendered":"https:\/\/siagroperu.com\/?post_type=product&#038;p=2023"},"modified":"2025-06-17T23:18:30","modified_gmt":"2025-06-17T23:18:30","slug":"serrucho-de-poda-profesional-altuna-29604re330","status":"publish","type":"product","link":"https:\/\/siagroperu.com\/?product=serrucho-de-poda-profesional-altuna-29604re330","title":{"rendered":"Serrucho de poda profesional ALTUNA &#8211; 29604RE330"},"content":{"rendered":"<p>Serrucho de poda profesional de hoja curva rectificada con hendiduras de extracci\u00f3n. Dentado japon\u00e9s. Con mango de fibra ergon\u00f3mica. Con funda. 330mm.<\/p>\n","protected":false},"excerpt":{"rendered":"<p>Serrucho de poda profesional de hoja curva rectificada con hendiduras de extracci\u00f3n. Dentado japon\u00e9s. Con mango de fibra ergon\u00f3mica. Con funda. 330mm.<\/p>\n","protected":false},"featured_media":2024,"comment_status":"open","ping_status":"closed","template":"","meta":[],"product_cat":[15],"product_tag":[],"borobazar_product_brands":[481],"borobazar_product_price_ranges":[74],"borobazar_product_genre":[],"class_list":{"0":"post-2023","1":"product","2":"type-product","3":"status-publish","4":"has-post-thumbnail","6":"product_cat-uncategorized","7":"borobazar_product_brands-altuna","8":"borobazar_product_price_ranges-over-50","10":"first","11":"instock","12":"shipping-taxable","13":"purchasable","14":"product-type-simple"},"_links":{"self":[{"href":"https:\/\/siagroperu.com\/index.php?rest_route=\/wp\/v2\/product\/2023","targetHints":{"allow":["GET"]}}],"collection":[{"href":"https:\/\/siagroperu.com\/index.php?rest_route=\/wp\/v2\/product"}],"about":[{"href":"https:\/\/siagroperu.com\/index.php?rest_route=\/wp\/v2\/types\/product"}],"replies":[{"embeddable":true,"href":"https:\/\/siagroperu.com\/index.php?rest_route=%2Fwp%2Fv2%2Fcomments&post=2023"}],"wp:featuredmedia":[{"embeddable":true,"href":"https:\/\/siagroperu.com\/index.php?rest_route=\/wp\/v2\/media\/2024"}],"wp:attachment":[{"href":"https:\/\/siagroperu.com\/index.php?rest_route=%2Fwp%2Fv2%2Fmedia&parent=2023"}],"wp:term":[{"taxonomy":"product_cat","embeddable":true,"href":"https:\/\/siagroperu.com\/index.php?rest_route=%2Fwp%2Fv2%2Fproduct_cat&post=2023"},{"taxonomy":"product_tag","embeddable":true,"href":"https:\/\/siagroperu.com\/index.php?rest_route=%2Fwp%2Fv2%2Fproduct_tag&post=2023"},{"taxonomy":"borobazar_product_brands","embeddable":true,"href":"https:\/\/siagroperu.com\/index.php?rest_route=%2Fwp%2Fv2%2Fborobazar_product_brands&post=2023"},{"taxonomy":"borobazar_product_price_ranges","embeddable":true,"href":"https:\/\/siagroperu.com\/index.php?rest_route=%2Fwp%2Fv2%2Fborobazar_product_price_ranges&post=2023"},{"taxonomy":"borobazar_product_genre","embeddable":true,"href":"https:\/\/siagroperu.com\/index.php?rest_route=%2Fwp%2Fv2%2Fborobazar_product_genre&post=2023"}],"curies":[{"name":"wp","href":"https:\/\/api.w.org\/{rel}","templated":true}]}}