{"id":2011,"date":"2025-06-17T23:02:55","date_gmt":"2025-06-17T23:02:55","guid":{"rendered":"https:\/\/siagroperu.com\/?post_type=product&#038;p=2011"},"modified":"2025-06-17T23:02:55","modified_gmt":"2025-06-17T23:02:55","slug":"balanza-traveler-ohaus-ta1501","status":"publish","type":"product","link":"https:\/\/siagroperu.com\/?product=balanza-traveler-ohaus-ta1501","title":{"rendered":"Balanza TRAVELER OHAUS &#8211; TA1501"},"content":{"rendered":"<div class=\"detail-header\">Modos de Aplicaci\u00f3n<\/div>\n<div class=\"detail-desc\">Pesaje<\/div>\n<div class=\"detail-desc\"><\/div>\n<div class=\"detail-header\">Indicador<\/div>\n<div class=\"detail-desc\">Pantalla de cristal l\u00edquido (LCD)<\/div>\n<div class=\"detail-desc\"><\/div>\n<div class=\"detail-header\">Alimentaci\u00f3n<\/div>\n<div class=\"detail-desc\">Adaptador de CA (incluido) o 4 bater\u00edas AA (no incluidas)<\/div>\n<div class=\"detail-desc\"><\/div>\n<div class=\"detail-header\">Comunicaci\u00f3n<\/div>\n<div class=\"detail-desc\">RS232 o USB con cable integrado (accesorios que se venden por separado)<\/div>\n<div class=\"detail-desc\"><\/div>\n<div class=\"detail-header\">Construcci\u00f3n<\/div>\n<div class=\"detail-desc\">Armaz\u00f3n de ABS, plato de acero inoxidable, gancho para pesar por debajo y bloqueo de env\u00edo integrados, soporte de seguridad, interruptor de bloqueo manual<\/div>\n<div class=\"detail-header\"><\/div>\n<div class=\"detail-header\">Caracter\u00edsticas del Dise\u00f1o<\/div>\n<div class=\"detail-desc\">Comunicaci\u00f3n y ajustes de impresi\u00f3n seleccionables por el usuario, apagado autom\u00e1tico, protecci\u00f3n mec\u00e1nica y de software por sobrecarga\/baja carga<\/div>\n","protected":false},"excerpt":{"rendered":"<p>Modos de Aplicaci\u00f3n Pesaje Indicador Pantalla de cristal l\u00edquido (LCD) Alimentaci\u00f3n Adaptador de CA (incluido) o 4 bater\u00edas AA (no incluidas) Comunicaci\u00f3n RS232 o USB con cable integrado (accesorios que se venden por separado) Construcci\u00f3n Armaz\u00f3n de ABS, plato de acero inoxidable, gancho para pesar por debajo y bloqueo de env\u00edo integrados, soporte de seguridad, [&hellip;]<\/p>\n","protected":false},"featured_media":2012,"comment_status":"open","ping_status":"closed","template":"","meta":[],"product_cat":[296],"product_tag":[],"borobazar_product_brands":[471],"borobazar_product_price_ranges":[460],"borobazar_product_genre":[],"class_list":{"0":"post-2011","1":"product","2":"type-product","3":"status-publish","4":"has-post-thumbnail","6":"product_cat-instrumentos-de-medicion","7":"borobazar_product_brands-ohauss","8":"borobazar_product_price_ranges-under-500","10":"first","11":"instock","12":"shipping-taxable","13":"product-type-simple"},"_links":{"self":[{"href":"https:\/\/siagroperu.com\/index.php?rest_route=\/wp\/v2\/product\/2011","targetHints":{"allow":["GET"]}}],"collection":[{"href":"https:\/\/siagroperu.com\/index.php?rest_route=\/wp\/v2\/product"}],"about":[{"href":"https:\/\/siagroperu.com\/index.php?rest_route=\/wp\/v2\/types\/product"}],"replies":[{"embeddable":true,"href":"https:\/\/siagroperu.com\/index.php?rest_route=%2Fwp%2Fv2%2Fcomments&post=2011"}],"wp:featuredmedia":[{"embeddable":true,"href":"https:\/\/siagroperu.com\/index.php?rest_route=\/wp\/v2\/media\/2012"}],"wp:attachment":[{"href":"https:\/\/siagroperu.com\/index.php?rest_route=%2Fwp%2Fv2%2Fmedia&parent=2011"}],"wp:term":[{"taxonomy":"product_cat","embeddable":true,"href":"https:\/\/siagroperu.com\/index.php?rest_route=%2Fwp%2Fv2%2Fproduct_cat&post=2011"},{"taxonomy":"product_tag","embeddable":true,"href":"https:\/\/siagroperu.com\/index.php?rest_route=%2Fwp%2Fv2%2Fproduct_tag&post=2011"},{"taxonomy":"borobazar_product_brands","embeddable":true,"href":"https:\/\/siagroperu.com\/index.php?rest_route=%2Fwp%2Fv2%2Fborobazar_product_brands&post=2011"},{"taxonomy":"borobazar_product_price_ranges","embeddable":true,"href":"https:\/\/siagroperu.com\/index.php?rest_route=%2Fwp%2Fv2%2Fborobazar_product_price_ranges&post=2011"},{"taxonomy":"borobazar_product_genre","embeddable":true,"href":"https:\/\/siagroperu.com\/index.php?rest_route=%2Fwp%2Fv2%2Fborobazar_product_genre&post=2011"}],"curies":[{"name":"wp","href":"https:\/\/api.w.org\/{rel}","templated":true}]}}