{"id":2001,"date":"2025-06-17T22:50:56","date_gmt":"2025-06-17T22:50:56","guid":{"rendered":"https:\/\/siagroperu.com\/?post_type=product&#038;p=2001"},"modified":"2025-06-17T22:51:06","modified_gmt":"2025-06-17T22:51:06","slug":"agitador-analogico-redondo-rpm-300-2000-modelo-ecostir","status":"publish","type":"product","link":"https:\/\/siagroperu.com\/?product=agitador-analogico-redondo-rpm-300-2000-modelo-ecostir","title":{"rendered":"AGITADOR ANAL\u00d3GICO REDONDO RPM 300-2000 MODELO ECOSTIR"},"content":{"rendered":"<p>El agitador de laboratorio modelo EcoStir de DLAB ha sido dise\u00f1ado para ofrecer un rendimiento confiable en tareas de mezcla gracias a su control de velocidad ajustable entre 300 y 2000 RPM. Su dise\u00f1o compacto optimiza el espacio en la mesa de trabajo, sin comprometer funcionalidad ni precisi\u00f3n, siendo ideal para entornos con alta demanda de agitaci\u00f3n constante.<\/p>\n","protected":false},"excerpt":{"rendered":"<p>El agitador de laboratorio modelo EcoStir de DLAB ha sido dise\u00f1ado para ofrecer un rendimiento confiable en tareas de mezcla gracias a su control de velocidad ajustable entre 300 y 2000 RPM. Su dise\u00f1o compacto optimiza el espacio en la mesa de trabajo, sin comprometer funcionalidad ni precisi\u00f3n, siendo ideal para entornos con alta demanda [&hellip;]<\/p>\n","protected":false},"featured_media":2002,"comment_status":"open","ping_status":"closed","template":"","meta":[],"product_cat":[296],"product_tag":[],"borobazar_product_brands":[476],"borobazar_product_price_ranges":[460],"borobazar_product_genre":[],"class_list":{"0":"post-2001","1":"product","2":"type-product","3":"status-publish","4":"has-post-thumbnail","6":"product_cat-instrumentos-de-medicion","7":"borobazar_product_brands-joanlab","8":"borobazar_product_price_ranges-under-500","10":"first","11":"instock","12":"shipping-taxable","13":"purchasable","14":"product-type-simple"},"_links":{"self":[{"href":"https:\/\/siagroperu.com\/index.php?rest_route=\/wp\/v2\/product\/2001","targetHints":{"allow":["GET"]}}],"collection":[{"href":"https:\/\/siagroperu.com\/index.php?rest_route=\/wp\/v2\/product"}],"about":[{"href":"https:\/\/siagroperu.com\/index.php?rest_route=\/wp\/v2\/types\/product"}],"replies":[{"embeddable":true,"href":"https:\/\/siagroperu.com\/index.php?rest_route=%2Fwp%2Fv2%2Fcomments&post=2001"}],"wp:featuredmedia":[{"embeddable":true,"href":"https:\/\/siagroperu.com\/index.php?rest_route=\/wp\/v2\/media\/2002"}],"wp:attachment":[{"href":"https:\/\/siagroperu.com\/index.php?rest_route=%2Fwp%2Fv2%2Fmedia&parent=2001"}],"wp:term":[{"taxonomy":"product_cat","embeddable":true,"href":"https:\/\/siagroperu.com\/index.php?rest_route=%2Fwp%2Fv2%2Fproduct_cat&post=2001"},{"taxonomy":"product_tag","embeddable":true,"href":"https:\/\/siagroperu.com\/index.php?rest_route=%2Fwp%2Fv2%2Fproduct_tag&post=2001"},{"taxonomy":"borobazar_product_brands","embeddable":true,"href":"https:\/\/siagroperu.com\/index.php?rest_route=%2Fwp%2Fv2%2Fborobazar_product_brands&post=2001"},{"taxonomy":"borobazar_product_price_ranges","embeddable":true,"href":"https:\/\/siagroperu.com\/index.php?rest_route=%2Fwp%2Fv2%2Fborobazar_product_price_ranges&post=2001"},{"taxonomy":"borobazar_product_genre","embeddable":true,"href":"https:\/\/siagroperu.com\/index.php?rest_route=%2Fwp%2Fv2%2Fborobazar_product_genre&post=2001"}],"curies":[{"name":"wp","href":"https:\/\/api.w.org\/{rel}","templated":true}]}}