{"id":1975,"date":"2025-06-17T22:02:40","date_gmt":"2025-06-17T22:02:40","guid":{"rendered":"https:\/\/siagroperu.com\/?post_type=product&#038;p=1975"},"modified":"2025-06-17T22:02:41","modified_gmt":"2025-06-17T22:02:41","slug":"balanza-ranger-3000-ohaus-r31p15","status":"publish","type":"product","link":"https:\/\/siagroperu.com\/?product=balanza-ranger-3000-ohaus-r31p15","title":{"rendered":"Balanza RANGER 3000 OHAUS &#8211; R31P15"},"content":{"rendered":"<p>Armaz\u00f3n de ABS, plataforma de acero inoxidable, interruptor de bloqueo de men\u00fa, indicador de nivel frontal superior, gancho para pesar por debajo integrado, manija de transportaci\u00f3n<\/p>\n<h4><strong>Caracter\u00edsticas del Dise\u00f1o<\/strong><\/h4>\n<p>Bater\u00eda con una duraci\u00f3n de 210 horas, 3 luces LED de control de peso con funcionamiento seleccionable y ajustes con se\u00f1ales ac\u00fasticas, ajustes seleccionables de ambiente e impresi\u00f3n autom\u00e1tica, apagado autom\u00e1tico, tara autom\u00e1tica<\/p>\n<table class=\"tabla-border\">\n<tbody>\n<tr>\n<td>Capacidad m\u00e1x.<\/td>\n<td>15 kg<\/td>\n<\/tr>\n<tr>\n<td>Lectura m\u00ednima<\/td>\n<td>0,5 g<\/td>\n<\/tr>\n<tr>\n<td>Lectura m\u00edn. (certificada)<\/td>\n<td>5 g<\/td>\n<\/tr>\n<tr>\n<td>Tama\u00f1o de la plataforma (LxA)<\/td>\n<td>225 mm x 300 mm<\/td>\n<\/tr>\n<tr>\n<td>Duraci\u00f3n de la bater\u00eda<\/td>\n<td>210 horas con bater\u00eda recargable<\/td>\n<\/tr>\n<tr>\n<td>Comunicaci\u00f3n<\/td>\n<td>Ethernet (disponible como accesorio);USB (disponible como accesorio);RS232 (incluido);2.\u00ba RS232 (disponible como accesorio)<\/td>\n<\/tr>\n<tr>\n<td>Dimensiones (AxLxA)<\/td>\n<td>117 mm x 311 mm x 327 mm<\/td>\n<\/tr>\n<tr>\n<td>Pantalla<\/td>\n<td>LCD con luz de fondo LED + 3 LED<\/td>\n<\/tr>\n<tr>\n<td>Cubierta<\/td>\n<td>Disponible como accesorio<\/td>\n<\/tr>\n<tr>\n<td>Legal para comercio<\/td>\n<td>Certificaci\u00f3n del NTEP;Aprobada por Medidas de Canad\u00e1;Tipo EC aprobado<\/td>\n<\/tr>\n<tr>\n<td>Material de la plataforma<\/td>\n<td>Acero inoxidable<\/td>\n<\/tr>\n<tr>\n<td>Electricidad<\/td>\n<td>Alimentaci\u00f3n CA (incluida);Bater\u00eda recargable (incluida)<\/td>\n<\/tr>\n<tr>\n<td>Grado de protecci\u00f3n<\/td>\n<td>No aplica<\/td>\n<\/tr>\n<tr>\n<td>Rango de tara<\/td>\n<td>Para capacidad por diferencia<\/td>\n<\/tr>\n<tr>\n<td>Estuche de transportaci\u00f3n<\/td>\n<td>No aplica<\/td>\n<\/tr>\n<tr>\n<td>Unidades de medida<\/td>\n<td>Gramo;Kilogramo;Onza;Libra;Libra: onza<\/td>\n<\/tr>\n<tr>\n<td>Nuevo Attribute (39)<\/td>\n<td>-10 \u00b0C \u2013 40 \u00b0C, 85 % de HR, sin condensaci\u00f3n<\/td>\n<\/tr>\n<\/tbody>\n<\/table>\n","protected":false},"excerpt":{"rendered":"<p>Armaz\u00f3n de ABS, plataforma de acero inoxidable, interruptor de bloqueo de men\u00fa, indicador de nivel frontal superior, gancho para pesar por debajo integrado, manija de transportaci\u00f3n<\/p>\n<h4><strong>Caracter\u00edsticas del Dise\u00f1o<\/strong><\/h4>\n<p>Bater\u00eda con una duraci\u00f3n de 210 horas, 3 luces LED de control de peso con funcionamiento seleccionable y ajustes con se\u00f1ales ac\u00fasticas, ajustes seleccionables de ambiente e impresi\u00f3n autom\u00e1tica, apagado autom\u00e1tico, tara autom\u00e1tica<\/p>\n<table class=\"tabla-border\">\n<tbody>\n<tr>\n<td>Capacidad m\u00e1x.<\/td>\n<td>15 kg<\/td>\n<\/tr>\n<tr>\n<td>Lectura m\u00ednima<\/td>\n<td>0,5 g<\/td>\n<\/tr>\n<tr>\n<td>Lectura m\u00edn. (certificada)<\/td>\n<td>5 g<\/td>\n<\/tr>\n<tr>\n<td>Tama\u00f1o de la plataforma (LxA)<\/td>\n<td>225 mm x 300 mm<\/td>\n<\/tr>\n<tr>\n<td>Duraci\u00f3n de la bater\u00eda<\/td>\n<td>210 horas con bater\u00eda recargable<\/td>\n<\/tr>\n<tr>\n<td>Comunicaci\u00f3n<\/td>\n<td>Ethernet (disponible como accesorio);USB (disponible como accesorio);RS232 (incluido);2.\u00ba RS232 (disponible como accesorio)<\/td>\n<\/tr>\n<tr>\n<td>Dimensiones (AxLxA)<\/td>\n<td>117 mm x 311 mm x 327 mm<\/td>\n<\/tr>\n<tr>\n<td>Pantalla<\/td>\n<td>LCD con luz de fondo LED + 3 LED<\/td>\n<\/tr>\n<tr>\n<td>Cubierta<\/td>\n<td>Disponible como accesorio<\/td>\n<\/tr>\n<tr>\n<td>Legal para comercio<\/td>\n<td>Certificaci\u00f3n del NTEP;Aprobada por Medidas de Canad\u00e1;Tipo EC aprobado<\/td>\n<\/tr>\n<tr>\n<td>Material de la plataforma<\/td>\n<td>Acero inoxidable<\/td>\n<\/tr>\n<tr>\n<td>Electricidad<\/td>\n<td>Alimentaci\u00f3n CA (incluida);Bater\u00eda recargable (incluida)<\/td>\n<\/tr>\n<tr>\n<td>Grado de protecci\u00f3n<\/td>\n<td>No aplica<\/td>\n<\/tr>\n<tr>\n<td>Rango de tara<\/td>\n<td>Para capacidad por diferencia<\/td>\n<\/tr>\n<tr>\n<td>Estuche de transportaci\u00f3n<\/td>\n<td>No aplica<\/td>\n<\/tr>\n<tr>\n<td>Unidades de medida<\/td>\n<td>Gramo;Kilogramo;Onza;Libra;Libra: onza<\/td>\n<\/tr>\n<tr>\n<td>Nuevo Attribute (39)<\/td>\n<td>-10 \u00b0C \u2013 40 \u00b0C, 85 % de HR, sin condensaci\u00f3n<\/td>\n<\/tr>\n<\/tbody>\n<\/table>\n","protected":false},"featured_media":1976,"comment_status":"open","ping_status":"closed","template":"","meta":[],"product_cat":[296],"product_tag":[],"borobazar_product_brands":[471],"borobazar_product_price_ranges":[458],"borobazar_product_genre":[],"class_list":{"0":"post-1975","1":"product","2":"type-product","3":"status-publish","4":"has-post-thumbnail","6":"product_cat-instrumentos-de-medicion","7":"borobazar_product_brands-ohauss","8":"borobazar_product_price_ranges-over-500","10":"first","11":"instock","12":"shipping-taxable","13":"purchasable","14":"product-type-simple"},"_links":{"self":[{"href":"https:\/\/siagroperu.com\/index.php?rest_route=\/wp\/v2\/product\/1975","targetHints":{"allow":["GET"]}}],"collection":[{"href":"https:\/\/siagroperu.com\/index.php?rest_route=\/wp\/v2\/product"}],"about":[{"href":"https:\/\/siagroperu.com\/index.php?rest_route=\/wp\/v2\/types\/product"}],"replies":[{"embeddable":true,"href":"https:\/\/siagroperu.com\/index.php?rest_route=%2Fwp%2Fv2%2Fcomments&post=1975"}],"wp:featuredmedia":[{"embeddable":true,"href":"https:\/\/siagroperu.com\/index.php?rest_route=\/wp\/v2\/media\/1976"}],"wp:attachment":[{"href":"https:\/\/siagroperu.com\/index.php?rest_route=%2Fwp%2Fv2%2Fmedia&parent=1975"}],"wp:term":[{"taxonomy":"product_cat","embeddable":true,"href":"https:\/\/siagroperu.com\/index.php?rest_route=%2Fwp%2Fv2%2Fproduct_cat&post=1975"},{"taxonomy":"product_tag","embeddable":true,"href":"https:\/\/siagroperu.com\/index.php?rest_route=%2Fwp%2Fv2%2Fproduct_tag&post=1975"},{"taxonomy":"borobazar_product_brands","embeddable":true,"href":"https:\/\/siagroperu.com\/index.php?rest_route=%2Fwp%2Fv2%2Fborobazar_product_brands&post=1975"},{"taxonomy":"borobazar_product_price_ranges","embeddable":true,"href":"https:\/\/siagroperu.com\/index.php?rest_route=%2Fwp%2Fv2%2Fborobazar_product_price_ranges&post=1975"},{"taxonomy":"borobazar_product_genre","embeddable":true,"href":"https:\/\/siagroperu.com\/index.php?rest_route=%2Fwp%2Fv2%2Fborobazar_product_genre&post=1975"}],"curies":[{"name":"wp","href":"https:\/\/api.w.org\/{rel}","templated":true}]}}