{"id":1957,"date":"2025-06-17T21:37:33","date_gmt":"2025-06-17T21:37:33","guid":{"rendered":"https:\/\/siagroperu.com\/?post_type=product&#038;p=1957"},"modified":"2025-06-17T21:37:33","modified_gmt":"2025-06-17T21:37:33","slug":"refractometro-brix-acidez-citricos-pal-bxacid1-master-kit-atago-7101","status":"publish","type":"product","link":"https:\/\/siagroperu.com\/?product=refractometro-brix-acidez-citricos-pal-bxacid1-master-kit-atago-7101","title":{"rendered":"Refract\u00f3metro Brix-Acidez (C\u00edtricos) PAL-BX|ACID1 Master Kit ATAGO &#8211; 7101"},"content":{"rendered":"<p>El kit espec\u00edficamente para la medici\u00f3n de los c\u00edtricos e incluye todo lo necesario para mediciones f\u00e1ciles, precisas y exactas.<\/p>\n","protected":false},"excerpt":{"rendered":"<p>El kit espec\u00edficamente para la medici\u00f3n de los c\u00edtricos e incluye todo lo necesario para mediciones f\u00e1ciles, precisas y exactas.<\/p>\n","protected":false},"featured_media":1958,"comment_status":"open","ping_status":"closed","template":"","meta":[],"product_cat":[296],"product_tag":[],"borobazar_product_brands":[470],"borobazar_product_price_ranges":[456],"borobazar_product_genre":[],"class_list":{"0":"post-1957","1":"product","2":"type-product","3":"status-publish","4":"has-post-thumbnail","6":"product_cat-instrumentos-de-medicion","7":"borobazar_product_brands-atago","8":"borobazar_product_price_ranges-over-1000","10":"first","11":"instock","12":"shipping-taxable","13":"purchasable","14":"product-type-simple"},"_links":{"self":[{"href":"https:\/\/siagroperu.com\/index.php?rest_route=\/wp\/v2\/product\/1957","targetHints":{"allow":["GET"]}}],"collection":[{"href":"https:\/\/siagroperu.com\/index.php?rest_route=\/wp\/v2\/product"}],"about":[{"href":"https:\/\/siagroperu.com\/index.php?rest_route=\/wp\/v2\/types\/product"}],"replies":[{"embeddable":true,"href":"https:\/\/siagroperu.com\/index.php?rest_route=%2Fwp%2Fv2%2Fcomments&post=1957"}],"wp:featuredmedia":[{"embeddable":true,"href":"https:\/\/siagroperu.com\/index.php?rest_route=\/wp\/v2\/media\/1958"}],"wp:attachment":[{"href":"https:\/\/siagroperu.com\/index.php?rest_route=%2Fwp%2Fv2%2Fmedia&parent=1957"}],"wp:term":[{"taxonomy":"product_cat","embeddable":true,"href":"https:\/\/siagroperu.com\/index.php?rest_route=%2Fwp%2Fv2%2Fproduct_cat&post=1957"},{"taxonomy":"product_tag","embeddable":true,"href":"https:\/\/siagroperu.com\/index.php?rest_route=%2Fwp%2Fv2%2Fproduct_tag&post=1957"},{"taxonomy":"borobazar_product_brands","embeddable":true,"href":"https:\/\/siagroperu.com\/index.php?rest_route=%2Fwp%2Fv2%2Fborobazar_product_brands&post=1957"},{"taxonomy":"borobazar_product_price_ranges","embeddable":true,"href":"https:\/\/siagroperu.com\/index.php?rest_route=%2Fwp%2Fv2%2Fborobazar_product_price_ranges&post=1957"},{"taxonomy":"borobazar_product_genre","embeddable":true,"href":"https:\/\/siagroperu.com\/index.php?rest_route=%2Fwp%2Fv2%2Fborobazar_product_genre&post=1957"}],"curies":[{"name":"wp","href":"https:\/\/api.w.org\/{rel}","templated":true}]}}