{"id":1944,"date":"2025-06-17T17:27:08","date_gmt":"2025-06-17T17:27:08","guid":{"rendered":"https:\/\/siagroperu.com\/?post_type=product&#038;p=1944"},"modified":"2025-06-17T17:27:08","modified_gmt":"2025-06-17T17:27:08","slug":"solucion-buffer-ph-4-x-500-ml-726116-lovibond","status":"publish","type":"product","link":"https:\/\/siagroperu.com\/?product=solucion-buffer-ph-4-x-500-ml-726116-lovibond","title":{"rendered":"SOLUCI\u00d3N BUFFER PH 4 X 500 ML (726116) \u2013 LOVIBOND"},"content":{"rendered":"<div class=\"elementor-element elementor-element-1caffc0 elementor-widget elementor-widget-wd_title\" data-id=\"1caffc0\" data-element_type=\"widget\" data-widget_type=\"wd_title.default\">\n<div class=\"elementor-widget-container\">\n<div class=\"title-wrapper set-mb-s reset-last-child wd-title-color-default wd-title-style-default wd-title-size-default text-left\">\n<div class=\"liner-continer\">\n<h4 class=\"woodmart-title-container title wd-fontsize-l\">Descripci\u00f3n<\/h4>\n<\/div>\n<\/div>\n<\/div>\n<\/div>\n<div class=\"elementor-element elementor-element-e24b901 wd-single-content elementor-widget elementor-widget-wd_single_product_content\" data-id=\"e24b901\" data-element_type=\"widget\" data-widget_type=\"wd_single_product_content.default\">\n<div class=\"elementor-widget-container\">\n<p><strong>La Soluci\u00f3n Buffer de ph 4 x 500 ml (726116<\/strong><strong>)\u00a0<\/strong>es de la marca alemana\u00a0<a href=\"https:\/\/www.lovibond.com\/es\/\">LOVIBOND<\/a>\u00a0la cual es la empresa l\u00edder con m\u00e1s de 130 a\u00f1os en el campo de la anal\u00edtica del agua: empezando por aguas potables, aguas de residuales, aguas superficiales y aguas subterr\u00e1neas, aguas naturales aguas refrigerantes, aguas de calderas y aguas de piscinas.<\/p>\n<p>La Soluci\u00f3n Buffer se utiliza\u00a0para mantener constante el PH en mezclas\u00a0a las que se le han a\u00f1adido \u00e1cidos o\u00a0bases fuertes y as\u00ed amortiguar los cambios producidos\u00a0por estas adiciones, para asegurar el \u00e9xito de la reacci\u00f3n.<\/p>\n<p>Una Soluci\u00f3n\u00a0 es acuosa y\u00a0est\u00e1 formada por un \u00e1cido d\u00e9bil y una base conjugada, o en su defecto, una base d\u00e9bil con un \u00e1cido conjugado. Est\u00e1 preparada en agua, ya que esta es la \u00fanica forma de hacer sentido a la escala de PH.<\/p>\n<p>El funcionamiento de la Soluci\u00f3n tambi\u00e9n depender\u00e1 de la temperatura a la que se encuentre\u00a0al momento de ser a\u00f1adida a una muestra. Adicionalmente, mientras m\u00e1s concentrada\u00a0est\u00e9 esta soluci\u00f3n, mayor ser\u00e1 su capacidad para amortiguar\u00a0o regular el PH de una mezcla, la concentraci\u00f3n total de la soluci\u00f3n, debe ser mayor la concentraci\u00f3n final del \u00e1cido o base fuerte que se a\u00f1ada.<\/p>\n<\/div>\n<\/div>\n","protected":false},"excerpt":{"rendered":"<p><strong>Las Soluciones Buffer de ph 4 x 500 ml (726116)\u00a0 de la marca Lovibond cuenta con las siguientes caracter\u00edsticas:<\/strong><\/p>\n<ul>\n<li>Frasco herm\u00e9tico con sello de seguridad para la calidad.<\/li>\n<li>Etiqueta codificada por colores para una f\u00e1cil identificaci\u00f3n de los valores de pH de b\u00faffer.<\/li>\n<li>Perfecto para el mantenimiento de rutina para garantizar lecturas precisas mientras se extiende la vida \u00fatil del electrodo.<\/li>\n<\/ul>\n","protected":false},"featured_media":1945,"comment_status":"open","ping_status":"closed","template":"","meta":[],"product_cat":[296],"product_tag":[],"borobazar_product_brands":[],"borobazar_product_price_ranges":[74],"borobazar_product_genre":[],"class_list":{"0":"post-1944","1":"product","2":"type-product","3":"status-publish","4":"has-post-thumbnail","6":"product_cat-instrumentos-de-medicion","7":"borobazar_product_price_ranges-over-50","9":"first","10":"instock","11":"shipping-taxable","12":"purchasable","13":"product-type-simple"},"_links":{"self":[{"href":"https:\/\/siagroperu.com\/index.php?rest_route=\/wp\/v2\/product\/1944","targetHints":{"allow":["GET"]}}],"collection":[{"href":"https:\/\/siagroperu.com\/index.php?rest_route=\/wp\/v2\/product"}],"about":[{"href":"https:\/\/siagroperu.com\/index.php?rest_route=\/wp\/v2\/types\/product"}],"replies":[{"embeddable":true,"href":"https:\/\/siagroperu.com\/index.php?rest_route=%2Fwp%2Fv2%2Fcomments&post=1944"}],"wp:featuredmedia":[{"embeddable":true,"href":"https:\/\/siagroperu.com\/index.php?rest_route=\/wp\/v2\/media\/1945"}],"wp:attachment":[{"href":"https:\/\/siagroperu.com\/index.php?rest_route=%2Fwp%2Fv2%2Fmedia&parent=1944"}],"wp:term":[{"taxonomy":"product_cat","embeddable":true,"href":"https:\/\/siagroperu.com\/index.php?rest_route=%2Fwp%2Fv2%2Fproduct_cat&post=1944"},{"taxonomy":"product_tag","embeddable":true,"href":"https:\/\/siagroperu.com\/index.php?rest_route=%2Fwp%2Fv2%2Fproduct_tag&post=1944"},{"taxonomy":"borobazar_product_brands","embeddable":true,"href":"https:\/\/siagroperu.com\/index.php?rest_route=%2Fwp%2Fv2%2Fborobazar_product_brands&post=1944"},{"taxonomy":"borobazar_product_price_ranges","embeddable":true,"href":"https:\/\/siagroperu.com\/index.php?rest_route=%2Fwp%2Fv2%2Fborobazar_product_price_ranges&post=1944"},{"taxonomy":"borobazar_product_genre","embeddable":true,"href":"https:\/\/siagroperu.com\/index.php?rest_route=%2Fwp%2Fv2%2Fborobazar_product_genre&post=1944"}],"curies":[{"name":"wp","href":"https:\/\/api.w.org\/{rel}","templated":true}]}}