{"id":1940,"date":"2025-06-17T17:08:39","date_gmt":"2025-06-17T17:08:39","guid":{"rendered":"https:\/\/siagroperu.com\/?post_type=product&#038;p=1940"},"modified":"2025-06-17T17:16:46","modified_gmt":"2025-06-17T17:16:46","slug":"balanza-de-precision-ps-210-x2-radwag","status":"publish","type":"product","link":"https:\/\/siagroperu.com\/?product=balanza-de-precision-ps-210-x2-radwag","title":{"rendered":"Balanza de precisi\u00f3n PS 210.X2- Radwag"},"content":{"rendered":"<h1 class=\"single-product-title\">Medidor combinado 3 en 1 de pH, CE y TDS de rango bajo Milwaukee M<\/h1>\n<div class=\"elementor-element elementor-element-1caffc0 elementor-widget elementor-widget-wd_title\" data-id=\"1caffc0\" data-element_type=\"widget\" data-widget_type=\"wd_title.default\">\n<div class=\"elementor-widget-container\">\n<div class=\"title-wrapper set-mb-s reset-last-child wd-title-color-default wd-title-style-default wd-title-size-default text-left\">\n<div class=\"liner-continer\">\n<h4 class=\"woodmart-title-container title wd-fontsize-l\">Descripci\u00f3n<\/h4>\n<\/div>\n<\/div>\n<\/div>\n<\/div>\n<div class=\"elementor-element elementor-element-e24b901 wd-single-content elementor-widget elementor-widget-wd_single_product_content\" data-id=\"e24b901\" data-element_type=\"widget\" data-widget_type=\"wd_single_product_content.default\">\n<div class=\"elementor-widget-container\">\n<h1 class=\"elementor-heading-title elementor-size-default\">Balanza de precisi\u00f3n PS 210.X2- Radwag<\/h1>\n<div class=\"wrapper-view wrapper-view-1\" data-solr=\"true\">\n<section class=\"module-text single-p-element\">\n<div class=\"container text-float\">\n<div class=\"row\">\n<div class=\"col-xs-12 col-sm-12 col-md-12 col-lg-12 col-text\">\n<div class=\"content-block\">\n<div class=\"text dksh-richtext\">\n<div class=\"nowe_opisy_srodek_html_NO\" data-style=\" display:flex; width:100%; align-items:center; justify-content:center; padding-top:10px; flex-direction:column; \">\n<div class=\"kontener_opisu_NO\" data-style=\"width:100%;display:flex;align-items:center;justify-content:center;\">\n<div class=\"opis_NO\" data-style=\"width: 80%; text-align: center;\">\n<div class=\"nowe_opisy_srodek_html_NO\" data-style=\" display:flex; width:100%; align-items:center; justify-content:center; padding-top:10px; flex-direction:column; \">\n<div class=\"kontener_opisu_NO\" data-style=\"width:100%;display:flex;align-items:center;justify-content:center;\">\n<div class=\"opis_NO\" data-style=\"width:80%;text-align:center\"><strong>Seria PS.X2<\/strong>\u00a0representa un\u00a0nivel nuevo avanzado para \u00a0 las balanzas de\u00a0precision. En\u00a0las balanzas de\u00a0la serie\u00a0<strong>\u00a0X2<\/strong>\u00a0utilizado de\u00a0la ultima generacion de\u00a0la pantalla de\u00a05 pulgadas, para la\u00a0comodidad m\u00e1ximadel trabajo. Facilidad de\u00a0uso, la\u00a0claridad del menu y\u00a0un dise\u00f1o intuitivo de\u00a0la informaci\u00f3n en\u00a0la pantalla proporcionan facilidad de\u00a0uso.<\/div>\n<\/div>\n<\/div>\n<\/div>\n<div data-style=\"width: 80%; text-align: center;\">\n<h2 class=\"tytul_h2_100_NO\" data-style=\"font-size:28px;color: #333;width:100%;\">Interfaces<\/h2>\n<div class=\"kontener_opisu_NO\" data-style=\"width:100%;display:flex;align-items:center;justify-content:center;\">\n<div class=\"opis_do_lewej_NO\" data-style=\"width: 100%; text-align: justify;\">\n<div><strong>X2<\/strong>\u00a0es\u00a0el \u00fanico peso en\u00a0el mercado, lo\u00a0que le\u00a0permite dise\u00f1ar la\u00a0disposici\u00f3n de\u00a0la informaci\u00f3n en\u00a0la pantalla de\u00a0una amplia selecci\u00f3n de\u00a0los widgets. Personalizaci\u00f3n de\u00a0la pantalla X2 proporciona acceso a\u00a0la informaci\u00f3n y\u00a0el rendimiento directamente desde la\u00a0pantalla del escritorio principal.<\/div>\n<div>\n<p>Balanzas de\u00a0<strong>PS.X2<\/strong>\u00a0esat equipadas en\u00a0m\u00faltiples\u00a0<strong>interfaces de\u00a0comunicaci\u00f3n<\/strong>:\u00a0<strong>2 \u00d7 RS-232<\/strong>,\u00a0<strong>USB tipo A<\/strong>,\u00a0<strong>USB tipo B<\/strong>,\u00a0<strong>Ethernet<\/strong>\u00a0y\u00a0<strong>Wireless Connection<\/strong>. Carcasa de\u00a0balanza es\u00a0de pl\u00e1stico, y\u00a0el platillo de\u00a0acero inoxidable.<\/p>\n<p>En\u00a0las nuevas balanzas\u00a0<strong>PS.X2 con cargas grandes<\/strong>\u00a0(modelos 6100, 8100 i\u00a010100) introducido montaje\u00a0<strong>central del platillo de\u00a0pesaje con<\/strong>\u00a0el uso de\u00a0un anillo\u00a0<strong>de sellado adicional<\/strong>. Esta soluci\u00f3n\u00a0<strong>mejora impermeabilidad<\/strong>\u00a0de la\u00a0balanza y\u00a0facilita la\u00a0limpieza. Para obtener la\u00a0precisi\u00f3n en\u00a0las nuevas balanzas usado la\u00a0protecci\u00f3n corta aires del metal (pintada en\u00a0color de\u00a0balanza) Otras ventajas de\u00a0las nuevas balanzas son mayores cargas permisibles (hasta 10,1 kg)\u00a0<strong>y mejor repetibilidad<\/strong>.<\/p>\n<\/div>\n<\/div>\n<\/div>\n<div class=\"kontener_opisu_NO\" data-style=\"width:100%;display:flex;align-items:center;justify-content:center;\">\n<div class=\"opis_do_lewej_NO\" data-style=\"width: 100%;\">\n<div class=\"kontener_opisu_NO\" data-style=\"width:100%;display:flex;align-items:center;justify-content:center;\">\n<div class=\"opis_do_lewej_NO\" data-style=\"width: 100%;\">\n<h2 class=\"tytul_h2_100_NO\" data-style=\"font-size:28px;color: #333;width:100%;\"><strong>Base de\u00a0datos en\u00a0las balanzas de\u00a0la serie X2<\/strong><\/h2>\n<div class=\"kontener_opisu_NO\" data-style=\"width:100%;display:flex;align-items:center;justify-content:center;\">\n<div class=\"opis_do_lewej_NO\" data-style=\"width: 100%;\">\n<div>\n<div>En\u00a0nuevas balanzas de\u00a0serie de\u00a0X2 el\u00a0sistema de\u00a0informaci\u00f3n se\u00a0basa en<br \/>\n<strong>7 bases<\/strong>\u00a0de\u00a0datos que le\u00a0permiten trabajar \u00a0muchos usuarios con la\u00a0base de\u00a0muchos productos y\u00a0los pesajes recogidos en\u00a0la base puede ser sometido a\u00a0su posterior an\u00e1lisis.<\/div>\n<div><strong>Los datos se\u00a0recogen en\u00a07 bases:<\/strong><\/div>\n<ul>\n<li><strong>Usuarios<\/strong>\u00a0(hasta 100 usuarios),<\/li>\n<li><strong>Productos<\/strong>\u00a0(hasta 5 000 productos),<\/li>\n<li><strong>Pesajes<\/strong>\u00a0\u00a0(hasta 10 000 pesajes),<\/li>\n<li><strong>Embalaje<\/strong>\u00a0(hasta 100 pesajes),<\/li>\n<li><strong>Recetas<\/strong>\u00a0(hasta 100 recetas),<\/li>\n<li><strong>Clientes<\/strong>\u00a0(hasta 1000 clientes),<\/li>\n<li><strong>Memoria \u00a0ALIBI\u00a0<\/strong>(hasta 512 000 pesajes).<\/li>\n<\/ul>\n<div><strong>Adicional se\u00a0puede crear informes de\u00a0las recetas (hasta 500 informes).<\/strong><\/div>\n<\/div>\n<\/div>\n<\/div>\n<div class=\"kontener_opisu_NO\" data-style=\"width: 100%; display: flex; align-items: center; justify-content: center;\">\n<div class=\"opis_lewy_80_NO\" data-style=\"width: 100%;\">\n<h2 class=\"tytul_h2_szerszy_NO\" data-style=\"font-size:28px;color: #333;width:80%;\"><strong>Gesti\u00f3n de datos<\/strong><\/h2>\n<div class=\"kontener_opisu_NO\" data-style=\"width:100%;display:flex;align-items:center;justify-content:center;\">\n<div class=\"opis_lewy_80_NO\" data-style=\"width:80%;text-align:left\">\n<div>El\u00a0uso de\u00a0la interfaz\u00a0<strong>USB<\/strong>\u00a0le\u00a0permite mover y\u00a0copiar el\u00a0rendimiento r\u00e1pidamente. (mediciones, informes, bases de\u00a0datos) a\u00a0un ordenador oa\u00a0otra balanza. Gesti\u00f3n de\u00a0datos en\u00a0la balanza es\u00a0tambi\u00e9n posible online a\u00a0trav\u00e9s de\u00a0acceso remoto a\u00a0las balanzas y\u00a0su base de\u00a0datos.<\/div>\n<\/div>\n<\/div>\n<\/div>\n<\/div>\n<\/div>\n<\/div>\n<\/div>\n<\/div>\n<\/div>\n<\/div>\n<\/div>\n<\/div>\n<\/div>\n<\/div>\n<\/div>\n<\/div>\n<\/section>\n<\/div>\n<h3>Caracteristicas de Balanza de precisi\u00f3n PS 210.X2- Radwag:<\/h3>\n<table width=\"689\">\n<tbody>\n<tr>\n<td width=\"114\"><strong>Maxima capacidad [Max]<\/strong><\/td>\n<td>210 g<\/td>\n<\/tr>\n<tr>\n<td width=\"114\"><strong>Minima cacacidad<\/strong><\/td>\n<td>0,02 mg<\/td>\n<\/tr>\n<tr>\n<td width=\"114\"><strong>Legibilidad [d]<\/strong><\/td>\n<td>0,001 g<\/td>\n<\/tr>\n<tr>\n<td width=\"114\"><strong>Divisi\u00f3n de legalizaci\u00f3n [e]<\/strong><\/td>\n<td>0,01 g<\/td>\n<\/tr>\n<tr>\n<td width=\"114\"><strong>Rango de tara<\/strong><\/td>\n<td>-210 g<\/td>\n<\/tr>\n<tr>\n<td width=\"114\"><strong>Repetibilidad est\u00e1ndar [5% M\u00e1x.]<\/strong><\/td>\n<td>1 g<\/td>\n<\/tr>\n<tr>\n<td width=\"114\"><strong>Repetibilidad est\u00e1ndar [M\u00e1x.]<\/strong><\/td>\n<td>0,1 g<\/td>\n<\/tr>\n<tr>\n<td width=\"114\"><strong>Porci\u00f3n m\u00ednima est\u00e1ndar (USP)<\/strong><\/td>\n<td>1 g<\/td>\n<\/tr>\n<tr>\n<td width=\"114\"><strong>Pesada m\u00ednima<\/strong><\/td>\n<td>0,1 g<\/td>\n<\/tr>\n<tr>\n<td width=\"114\"><strong>Repetibilidad permitida [M\u00e1x.]<\/strong><\/td>\n<td>0,001 g<\/td>\n<\/tr>\n<tr>\n<td width=\"114\"><strong>Repetibilidad permitida [5% M\u00e1x.]<\/strong><\/td>\n<td>0,0005 g<\/td>\n<\/tr>\n<tr>\n<td width=\"114\"><strong>Linealidad<\/strong><\/td>\n<td>\u00b10,002 g<\/td>\n<\/tr>\n<tr>\n<td width=\"114\"><strong>Tiempo de estabilizaci\u00f3n<\/strong><\/td>\n<td>2s<\/td>\n<\/tr>\n<tr>\n<td width=\"114\"><strong>Calibraci\u00f3n<\/strong><\/td>\n<td>interna (automatica<\/td>\n<\/tr>\n<tr>\n<td width=\"114\"><strong>Clase OIML<\/strong><\/td>\n<td>II<\/td>\n<\/tr>\n<\/tbody>\n<\/table>\n<\/div>\n<\/div>\n<h1 class=\"single-product-title\">W801 PRO con ATC<\/h1>\n","protected":false},"excerpt":{"rendered":"<div class=\"nowe_opisy_srodek_html_NO\" data-style=\" display:flex; width:100%; align-items:center; justify-content:center; padding-top:10px; flex-direction:column; \">\n<div class=\"kontener_opisu_NO\" data-style=\"width:100%;display:flex;align-items:center;justify-content:center;\">\n<div class=\"opis_NO\" data-style=\"width:80%;text-align:center\">\n<div class=\"nowe_opisy_srodek_html_NO\" data-style=\" display:flex; width:100%; align-items:center; justify-content:center; padding-top:10px; flex-direction:column; \">\n<div class=\"kontener_opisu_NO\" data-style=\"width:100%;display:flex;align-items:center;justify-content:center;\">\n<div class=\"opis_NO\" data-style=\"width: 80%; text-align: center;\">\n<div class=\"nowe_opisy_srodek_html_NO\" data-style=\" display:flex; width:100%; align-items:center; justify-content:center; padding-top:10px; flex-direction:column; \">\n<div class=\"kontener_opisu_NO\" data-style=\"width:100%;display:flex;align-items:center;justify-content:center;\">\n<div class=\"opis_NO\" data-style=\"width:80%;text-align:center\"><strong>Seria PS.X2<\/strong>\u00a0representa un\u00a0nivel nuevo avanzado para \u00a0 las balanzas de\u00a0precision. En\u00a0las balanzas de\u00a0la serie\u00a0<strong>\u00a0X2<\/strong>\u00a0utilizado de\u00a0la ultima generacion de\u00a0la pantalla de\u00a05 pulgadas, para la\u00a0comodidad m\u00e1ximadel trabajo. Facilidad de\u00a0uso, la\u00a0claridad del menu y\u00a0un dise\u00f1o intuitivo de\u00a0la informaci\u00f3n en\u00a0la pantalla proporcionan facilidad de\u00a0uso.<\/div>\n<\/div>\n<\/div>\n<\/div>\n<\/div>\n<\/div>\n<\/div>\n<\/div>\n<\/div>\n<p class=\"plain-text\">Maxima capacidad [Max]:\u00a0<span class=\"bold\">210<\/span>\u00a0<span class=\"bold\">g<\/span><br \/>\nLegibilidad [d]:\u00a0<span class=\"bold\">0,001<\/span>\u00a0<span class=\"bold\">g<\/span><\/p>\n","protected":false},"featured_media":1941,"comment_status":"open","ping_status":"closed","template":"","meta":[],"product_cat":[296],"product_tag":[],"borobazar_product_brands":[465],"borobazar_product_price_ranges":[],"borobazar_product_genre":[],"class_list":{"0":"post-1940","1":"product","2":"type-product","3":"status-publish","4":"has-post-thumbnail","6":"product_cat-instrumentos-de-medicion","7":"borobazar_product_brands-radwag","9":"first","10":"instock","11":"shipping-taxable","12":"purchasable","13":"product-type-simple"},"_links":{"self":[{"href":"https:\/\/siagroperu.com\/index.php?rest_route=\/wp\/v2\/product\/1940","targetHints":{"allow":["GET"]}}],"collection":[{"href":"https:\/\/siagroperu.com\/index.php?rest_route=\/wp\/v2\/product"}],"about":[{"href":"https:\/\/siagroperu.com\/index.php?rest_route=\/wp\/v2\/types\/product"}],"replies":[{"embeddable":true,"href":"https:\/\/siagroperu.com\/index.php?rest_route=%2Fwp%2Fv2%2Fcomments&post=1940"}],"wp:featuredmedia":[{"embeddable":true,"href":"https:\/\/siagroperu.com\/index.php?rest_route=\/wp\/v2\/media\/1941"}],"wp:attachment":[{"href":"https:\/\/siagroperu.com\/index.php?rest_route=%2Fwp%2Fv2%2Fmedia&parent=1940"}],"wp:term":[{"taxonomy":"product_cat","embeddable":true,"href":"https:\/\/siagroperu.com\/index.php?rest_route=%2Fwp%2Fv2%2Fproduct_cat&post=1940"},{"taxonomy":"product_tag","embeddable":true,"href":"https:\/\/siagroperu.com\/index.php?rest_route=%2Fwp%2Fv2%2Fproduct_tag&post=1940"},{"taxonomy":"borobazar_product_brands","embeddable":true,"href":"https:\/\/siagroperu.com\/index.php?rest_route=%2Fwp%2Fv2%2Fborobazar_product_brands&post=1940"},{"taxonomy":"borobazar_product_price_ranges","embeddable":true,"href":"https:\/\/siagroperu.com\/index.php?rest_route=%2Fwp%2Fv2%2Fborobazar_product_price_ranges&post=1940"},{"taxonomy":"borobazar_product_genre","embeddable":true,"href":"https:\/\/siagroperu.com\/index.php?rest_route=%2Fwp%2Fv2%2Fborobazar_product_genre&post=1940"}],"curies":[{"name":"wp","href":"https:\/\/api.w.org\/{rel}","templated":true}]}}