{"id":1821,"date":"2024-10-23T18:16:06","date_gmt":"2024-10-23T18:16:06","guid":{"rendered":"https:\/\/siagroperu.com\/?post_type=product&#038;p=1821"},"modified":"2024-10-23T18:16:06","modified_gmt":"2024-10-23T18:16:06","slug":"zanahoria-royal-chantenay-2gr-semillas-de-zanahoria","status":"publish","type":"product","link":"https:\/\/siagroperu.com\/?product=zanahoria-royal-chantenay-2gr-semillas-de-zanahoria","title":{"rendered":"Zanahoria Royal Chantenay 2gr, Semillas de Zanahoria"},"content":{"rendered":"<p><b>Zanahoria Royal Chantenay 2gr, Semillas de Zanahoria<\/b><\/p>\n<p>Variedad de alto rendimiento, color naranja intenso y piel fina, resistente al rajado ideal para mercado fresco. Es medianamente tard\u00eda, tienen ra\u00edces de 16 a 22 cm y 4 a 5 cm de di\u00e1metro, son tiernas y crocantes de sabor ligeramente dulce, muy cotizado en costa y sierra.<\/p>\n","protected":false},"excerpt":{"rendered":"<p><b>Zanahoria Royal Chantenay 2gr, Semillas de Zanahoria<\/b><\/p>\n<p>Variedad de alto rendimiento, color naranja intenso y piel fina, resistente al rajado ideal para mercado fresco. Es medianamente tard\u00eda, tienen ra\u00edces de 16 a 22 cm y 4 a 5 cm de di\u00e1metro, son tiernas y crocantes de sabor ligeramente dulce, muy cotizado en costa y sierra.<\/p>\n","protected":false},"featured_media":1822,"comment_status":"open","ping_status":"closed","template":"","meta":[],"product_cat":[133,132],"product_tag":[],"borobazar_product_brands":[],"borobazar_product_price_ranges":[],"borobazar_product_genre":[],"class_list":{"0":"post-1821","1":"product","2":"type-product","3":"status-publish","4":"has-post-thumbnail","6":"product_cat-hortalizas","7":"product_cat-semillas","9":"first","10":"instock","11":"shipping-taxable","12":"purchasable","13":"product-type-simple"},"_links":{"self":[{"href":"https:\/\/siagroperu.com\/index.php?rest_route=\/wp\/v2\/product\/1821","targetHints":{"allow":["GET"]}}],"collection":[{"href":"https:\/\/siagroperu.com\/index.php?rest_route=\/wp\/v2\/product"}],"about":[{"href":"https:\/\/siagroperu.com\/index.php?rest_route=\/wp\/v2\/types\/product"}],"replies":[{"embeddable":true,"href":"https:\/\/siagroperu.com\/index.php?rest_route=%2Fwp%2Fv2%2Fcomments&post=1821"}],"wp:featuredmedia":[{"embeddable":true,"href":"https:\/\/siagroperu.com\/index.php?rest_route=\/wp\/v2\/media\/1822"}],"wp:attachment":[{"href":"https:\/\/siagroperu.com\/index.php?rest_route=%2Fwp%2Fv2%2Fmedia&parent=1821"}],"wp:term":[{"taxonomy":"product_cat","embeddable":true,"href":"https:\/\/siagroperu.com\/index.php?rest_route=%2Fwp%2Fv2%2Fproduct_cat&post=1821"},{"taxonomy":"product_tag","embeddable":true,"href":"https:\/\/siagroperu.com\/index.php?rest_route=%2Fwp%2Fv2%2Fproduct_tag&post=1821"},{"taxonomy":"borobazar_product_brands","embeddable":true,"href":"https:\/\/siagroperu.com\/index.php?rest_route=%2Fwp%2Fv2%2Fborobazar_product_brands&post=1821"},{"taxonomy":"borobazar_product_price_ranges","embeddable":true,"href":"https:\/\/siagroperu.com\/index.php?rest_route=%2Fwp%2Fv2%2Fborobazar_product_price_ranges&post=1821"},{"taxonomy":"borobazar_product_genre","embeddable":true,"href":"https:\/\/siagroperu.com\/index.php?rest_route=%2Fwp%2Fv2%2Fborobazar_product_genre&post=1821"}],"curies":[{"name":"wp","href":"https:\/\/api.w.org\/{rel}","templated":true}]}}